{"id":7070,"date":"2020-03-20T11:17:55","date_gmt":"2020-03-20T09:17:55","guid":{"rendered":"https:\/\/psichogios.lithosdigital.com\/get-password\/"},"modified":"2020-05-13T13:33:09","modified_gmt":"2020-05-13T10:33:09","slug":"demande-de-code","status":"publish","type":"page","link":"http:\/\/www.psichogios.estate\/fr\/demande-de-code\/","title":{"rendered":"DEMANDE DE CODE"},"content":{"rendered":"\t\t<div data-elementor-type=\"wp-page\" data-elementor-id=\"7070\" class=\"elementor elementor-7070\">\n\t\t\t\t\t\t<section class=\"elementor-section elementor-top-section elementor-element elementor-element-5f1212f elementor-section-height-min-height elementor-section-boxed elementor-section-height-default elementor-section-items-middle\" data-id=\"5f1212f\" data-element_type=\"section\" data-settings=\"{&quot;background_background&quot;:&quot;classic&quot;}\">\n\t\t\t\t\t\t\t<div class=\"elementor-background-overlay\"><\/div>\n\t\t\t\t\t\t\t<div class=\"elementor-container elementor-column-gap-default\">\n\t\t\t\t\t<div class=\"elementor-column elementor-col-100 elementor-top-column elementor-element elementor-element-9740c87\" data-id=\"9740c87\" data-element_type=\"column\">\n\t\t\t<div class=\"elementor-widget-wrap\">\n\t\t\t\t\t\t\t<\/div>\n\t\t<\/div>\n\t\t\t\t\t<\/div>\n\t\t<\/section>\n\t\t\t\t<main class=\"elementor-section elementor-top-section elementor-element elementor-element-0fdd9d2 animated-slow elementor-section-boxed elementor-section-height-default elementor-section-height-default elementor-invisible\" data-id=\"0fdd9d2\" data-element_type=\"section\" data-settings=\"{&quot;animation&quot;:&quot;fadeInUp&quot;}\">\n\t\t\t\t\t\t<div class=\"elementor-container elementor-column-gap-wider\">\n\t\t\t\t\t<main class=\"elementor-column elementor-col-100 elementor-top-column elementor-element elementor-element-af7a576\" data-id=\"af7a576\" data-element_type=\"column\">\n\t\t\t<div class=\"elementor-widget-wrap elementor-element-populated\">\n\t\t\t\t\t\t<div class=\"elementor-element elementor-element-cdce460 elementor-widget elementor-widget-heading\" data-id=\"cdce460\" data-element_type=\"widget\" data-widget_type=\"heading.default\">\n\t\t\t\t<div class=\"elementor-widget-container\">\n\t\t\t\t\t<h1 class=\"elementor-heading-title elementor-size-xl\">DEMANDE DE CODE<\/h1>\t\t\t\t<\/div>\n\t\t\t\t<\/div>\n\t\t\t\t<div class=\"elementor-element elementor-element-6b9e4c5 elementor-widget elementor-widget-text-editor\" data-id=\"6b9e4c5\" data-element_type=\"widget\" data-widget_type=\"text-editor.default\">\n\t\t\t\t<div class=\"elementor-widget-container\">\n\t\t\t\t\t\t\t\t\t<p>Lorem ipsum dolor sit amet, consectetur adipiscing elit, sed do eiusmod tempor incididunt ut labore et dolore magna aliqua. Ut enim ad minim veniam, quis nostrud exercitation ullamco laboris nisi ut aliquip ex ea commodo consequat. Duis aute irure dolor in reprehenderit in voluptate velit esse cillum dolore eu fugiat nulla pariatur. Excepteur sint occaecat cupidatat non proident, sunt in culpa qui officia deserunt mollit anim id est laborum.<\/p>\n\t\t\t\t\t\t\t\t<\/div>\n\t\t\t\t<\/div>\n\t\t\t\t<div class=\"elementor-element elementor-element-755c0bc elementor-widget elementor-widget-text-editor\" data-id=\"755c0bc\" data-element_type=\"widget\" data-widget_type=\"text-editor.default\">\n\t\t\t\t<div class=\"elementor-widget-container\">\n\t\t\t\t\t\t\t\t\t<p>\n<div class=\"wpcf7 no-js\" id=\"wpcf7-f7073-o1\" lang=\"el\" dir=\"ltr\">\n<div class=\"screen-reader-response\"><p role=\"status\" aria-live=\"polite\" aria-atomic=\"true\"><\/p> <ul><\/ul><\/div>\n<form action=\"\/fr\/wp-json\/wp\/v2\/pages\/7070#wpcf7-f7073-o1\" method=\"post\" class=\"wpcf7-form init\" aria-label=\"\u03a6\u03cc\u03c1\u03bc\u03b1 \u03b5\u03c0\u03b9\u03ba\u03bf\u03b9\u03bd\u03c9\u03bd\u03af\u03b1\u03c2\" novalidate=\"novalidate\" data-status=\"init\">\n<div style=\"display: none;\">\n<input type=\"hidden\" name=\"_wpcf7\" value=\"7073\" \/>\n<input type=\"hidden\" name=\"_wpcf7_version\" value=\"5.9.8\" \/>\n<input type=\"hidden\" name=\"_wpcf7_locale\" value=\"el\" \/>\n<input type=\"hidden\" name=\"_wpcf7_unit_tag\" value=\"wpcf7-f7073-o1\" \/>\n<input type=\"hidden\" name=\"_wpcf7_container_post\" value=\"0\" \/>\n<input type=\"hidden\" name=\"_wpcf7_posted_data_hash\" value=\"\" \/>\n<\/div>\n<div class=\"cf7_wrap_it\">\n\t<div class=\"top_cf7_flex\">\n\t\t<div class=\"name_left\">\n\t\t\t<p><label><span class=\"wpcf7-form-control-wrap\" data-name=\"Onoma\"><input size=\"40\" maxlength=\"400\" class=\"wpcf7-form-control wpcf7-text wpcf7-validates-as-required\" aria-required=\"true\" aria-invalid=\"false\" placeholder=\"PR\u00c9NOM*\" value=\"\" type=\"text\" name=\"Onoma\" \/><\/span><\/label>\n\t\t\t<\/p>\n\t\t<\/div>\n\t\t<div class=\"last_name_right\">\n\t\t\t<p><label><span class=\"wpcf7-form-control-wrap\" data-name=\"Eponimo\"><input size=\"40\" maxlength=\"400\" class=\"wpcf7-form-control wpcf7-text wpcf7-validates-as-required\" aria-required=\"true\" aria-invalid=\"false\" placeholder=\"NOM DE FAMILLE*\" value=\"\" type=\"text\" name=\"Eponimo\" \/><\/span><\/label>\n\t\t\t<\/p>\n\t\t<\/div>\n\t<\/div>\n\t<div class=\"bottom_flex\">\n\t\t<div class=\"email_center\">\n\t\t\t<p><label><span class=\"wpcf7-form-control-wrap\" data-name=\"email-80\"><input size=\"40\" maxlength=\"400\" class=\"wpcf7-form-control wpcf7-email wpcf7-validates-as-required wpcf7-text wpcf7-validates-as-email\" aria-required=\"true\" aria-invalid=\"false\" placeholder=\"EMAIL*\" value=\"\" type=\"email\" name=\"email-80\" \/><\/span><\/label>\n\t\t\t<\/p>\n\t\t<\/div>\n\t\t<div class=\"phone_center\">\n\t\t\t<p><label><span class=\"wpcf7-form-control-wrap\" data-name=\"tel-934\"><input size=\"40\" maxlength=\"400\" class=\"wpcf7-form-control wpcf7-tel wpcf7-validates-as-required wpcf7-text wpcf7-validates-as-tel\" aria-required=\"true\" aria-invalid=\"false\" placeholder=\"T\u00c9L\u00c9PHONE*\" value=\"\" type=\"tel\" name=\"tel-934\" \/><\/span><\/label>\n\t\t\t<\/p>\n\t\t<\/div>\n\t<\/div>\n\t<div class=\"text_area_total_flex\">\n\t\t<div class=\"text_area_flex\">\n\t\t\t<p><span class=\"wpcf7-form-control-wrap\" data-name=\"textarea-305\"><textarea cols=\"40\" rows=\"10\" maxlength=\"2000\" class=\"wpcf7-form-control wpcf7-textarea\" aria-invalid=\"false\" placeholder=\"MESSAGE ( e.g. Je suis int\u00e9ress\u00e9 par la propri\u00e9t\u00e9 &#039;...&#039; avec le code &#039;...&#039; )\" name=\"textarea-305\"><\/textarea><\/span>\n\t\t\t<\/p>\n\t\t<\/div>\n\t<\/div>\n\t<div class=\"btn_flex_center\">\n\t\t<p><input class=\"wpcf7-form-control wpcf7-submit has-spinner\" type=\"submit\" value=\"SOUMETTRE\" \/>\n\t\t<\/p>\n\t<\/div>\n<\/div><div class=\"wpcf7-response-output\" aria-hidden=\"true\"><\/div>\n<\/form>\n<\/div>\n<\/p>\t\t\t\t\t\t\t\t<\/div>\n\t\t\t\t<\/div>\n\t\t\t\t\t<\/div>\n\t\t<\/main>\n\t\t\t\t\t<\/div>\n\t\t<\/main>\n\t\t\t\t<\/div>\n\t\t","protected":false},"excerpt":{"rendered":"<p>DEMANDE DE CODE Lorem ipsum dolor sit amet, consectetur adipiscing elit, sed do eiusmod tempor incididunt ut labore et dolore magna aliqua. Ut enim ad minim veniam, quis nostrud exercitation ullamco laboris nisi ut aliquip ex ea commodo consequat. Duis aute irure dolor in reprehenderit in voluptate velit esse cillum dolore eu fugiat nulla pariatur&#8230;.<\/p>\n","protected":false},"author":1,"featured_media":0,"parent":0,"menu_order":0,"comment_status":"closed","ping_status":"closed","template":"elementor_header_footer","meta":{"_monsterinsights_skip_tracking":false,"_monsterinsights_sitenote_active":false,"_monsterinsights_sitenote_note":"","_monsterinsights_sitenote_category":0,"footnotes":""},"yoast_head":"<!-- This site is optimized with the Yoast SEO plugin v22.6 - https:\/\/yoast.com\/wordpress\/plugins\/seo\/ -->\n<title>DEMANDE DE CODE - Psichogios Real Estate Agency<\/title>\n<meta name=\"robots\" content=\"index, follow, max-snippet:-1, max-image-preview:large, max-video-preview:-1\" \/>\n<link rel=\"canonical\" href=\"http:\/\/www.psichogios.estate\/fr\/demande-de-code\/\" \/>\n<meta property=\"og:locale\" content=\"fr_FR\" \/>\n<meta property=\"og:type\" content=\"article\" \/>\n<meta property=\"og:title\" content=\"DEMANDE DE CODE - Psichogios Real Estate Agency\" \/>\n<meta property=\"og:description\" content=\"DEMANDE DE CODE Lorem ipsum dolor sit amet, consectetur adipiscing elit, sed do eiusmod tempor incididunt ut labore et dolore magna aliqua. Ut enim ad minim veniam, quis nostrud exercitation ullamco laboris nisi ut aliquip ex ea commodo consequat. Duis aute irure dolor in reprehenderit in voluptate velit esse cillum dolore eu fugiat nulla pariatur....\" \/>\n<meta property=\"og:url\" content=\"http:\/\/www.psichogios.estate\/fr\/demande-de-code\/\" \/>\n<meta property=\"og:site_name\" content=\"Psichogios Real Estate Agency\" \/>\n<meta property=\"article:publisher\" content=\"https:\/\/www.facebook.com\/RealEstatePsichogios\" \/>\n<meta property=\"article:modified_time\" content=\"2020-05-13T10:33:09+00:00\" \/>\n<meta name=\"twitter:card\" content=\"summary_large_image\" \/>\n<meta name=\"twitter:site\" content=\"@PSICHOGIOS_REA\" \/>\n<script type=\"application\/ld+json\" class=\"yoast-schema-graph\">{\"@context\":\"https:\/\/schema.org\",\"@graph\":[{\"@type\":\"WebPage\",\"@id\":\"http:\/\/www.psichogios.estate\/fr\/demande-de-code\/\",\"url\":\"http:\/\/www.psichogios.estate\/fr\/demande-de-code\/\",\"name\":\"DEMANDE DE CODE - Psichogios Real Estate Agency\",\"isPartOf\":{\"@id\":\"http:\/\/www.psichogios.estate\/fr\/#website\"},\"datePublished\":\"2020-03-20T09:17:55+00:00\",\"dateModified\":\"2020-05-13T10:33:09+00:00\",\"breadcrumb\":{\"@id\":\"http:\/\/www.psichogios.estate\/fr\/demande-de-code\/#breadcrumb\"},\"inLanguage\":\"fr-FR\",\"potentialAction\":[{\"@type\":\"ReadAction\",\"target\":[\"http:\/\/www.psichogios.estate\/fr\/demande-de-code\/\"]}]},{\"@type\":\"BreadcrumbList\",\"@id\":\"http:\/\/www.psichogios.estate\/fr\/demande-de-code\/#breadcrumb\",\"itemListElement\":[{\"@type\":\"ListItem\",\"position\":1,\"name\":\"Home\",\"item\":\"http:\/\/www.psichogios.estate\/fr\/\"},{\"@type\":\"ListItem\",\"position\":2,\"name\":\"DEMANDE DE CODE\"}]},{\"@type\":\"WebSite\",\"@id\":\"http:\/\/www.psichogios.estate\/fr\/#website\",\"url\":\"http:\/\/www.psichogios.estate\/fr\/\",\"name\":\"Psichogios Real Estate Agency\",\"description\":\"\",\"publisher\":{\"@id\":\"http:\/\/www.psichogios.estate\/fr\/#organization\"},\"potentialAction\":[{\"@type\":\"SearchAction\",\"target\":{\"@type\":\"EntryPoint\",\"urlTemplate\":\"http:\/\/www.psichogios.estate\/fr\/?s={search_term_string}\"},\"query-input\":\"required name=search_term_string\"}],\"inLanguage\":\"fr-FR\"},{\"@type\":\"Organization\",\"@id\":\"http:\/\/www.psichogios.estate\/fr\/#organization\",\"name\":\"Psichogios And Partnters Real Estate Agency\",\"url\":\"http:\/\/www.psichogios.estate\/fr\/\",\"logo\":{\"@type\":\"ImageObject\",\"inLanguage\":\"fr-FR\",\"@id\":\"http:\/\/www.psichogios.estate\/fr\/#\/schema\/logo\/image\/\",\"url\":\"https:\/\/www.psichogios.estate\/wp-content\/uploads\/2020\/11\/27329802_10215808382310465_1280402420_o.png\",\"contentUrl\":\"https:\/\/www.psichogios.estate\/wp-content\/uploads\/2020\/11\/27329802_10215808382310465_1280402420_o.png\",\"width\":1090,\"height\":280,\"caption\":\"Psichogios And Partnters Real Estate Agency\"},\"image\":{\"@id\":\"http:\/\/www.psichogios.estate\/fr\/#\/schema\/logo\/image\/\"},\"sameAs\":[\"https:\/\/www.facebook.com\/RealEstatePsichogios\",\"https:\/\/x.com\/PSICHOGIOS_REA\",\"https:\/\/www.instagram.com\/real.estate.psichogios\/\",\"https:\/\/www.linkedin.com\/company\/psuxogios&amp;partners-realestateagencyinermioni\",\"https:\/\/gr.pinterest.com\/PsichogiosRealEstate\/\"]}]}<\/script>\n<!-- \/ Yoast SEO plugin. -->","yoast_head_json":{"title":"DEMANDE DE CODE - Psichogios Real Estate Agency","robots":{"index":"index","follow":"follow","max-snippet":"max-snippet:-1","max-image-preview":"max-image-preview:large","max-video-preview":"max-video-preview:-1"},"canonical":"http:\/\/www.psichogios.estate\/fr\/demande-de-code\/","og_locale":"fr_FR","og_type":"article","og_title":"DEMANDE DE CODE - Psichogios Real Estate Agency","og_description":"DEMANDE DE CODE Lorem ipsum dolor sit amet, consectetur adipiscing elit, sed do eiusmod tempor incididunt ut labore et dolore magna aliqua. Ut enim ad minim veniam, quis nostrud exercitation ullamco laboris nisi ut aliquip ex ea commodo consequat. Duis aute irure dolor in reprehenderit in voluptate velit esse cillum dolore eu fugiat nulla pariatur....","og_url":"http:\/\/www.psichogios.estate\/fr\/demande-de-code\/","og_site_name":"Psichogios Real Estate Agency","article_publisher":"https:\/\/www.facebook.com\/RealEstatePsichogios","article_modified_time":"2020-05-13T10:33:09+00:00","twitter_card":"summary_large_image","twitter_site":"@PSICHOGIOS_REA","schema":{"@context":"https:\/\/schema.org","@graph":[{"@type":"WebPage","@id":"http:\/\/www.psichogios.estate\/fr\/demande-de-code\/","url":"http:\/\/www.psichogios.estate\/fr\/demande-de-code\/","name":"DEMANDE DE CODE - Psichogios Real Estate Agency","isPartOf":{"@id":"http:\/\/www.psichogios.estate\/fr\/#website"},"datePublished":"2020-03-20T09:17:55+00:00","dateModified":"2020-05-13T10:33:09+00:00","breadcrumb":{"@id":"http:\/\/www.psichogios.estate\/fr\/demande-de-code\/#breadcrumb"},"inLanguage":"fr-FR","potentialAction":[{"@type":"ReadAction","target":["http:\/\/www.psichogios.estate\/fr\/demande-de-code\/"]}]},{"@type":"BreadcrumbList","@id":"http:\/\/www.psichogios.estate\/fr\/demande-de-code\/#breadcrumb","itemListElement":[{"@type":"ListItem","position":1,"name":"Home","item":"http:\/\/www.psichogios.estate\/fr\/"},{"@type":"ListItem","position":2,"name":"DEMANDE DE CODE"}]},{"@type":"WebSite","@id":"http:\/\/www.psichogios.estate\/fr\/#website","url":"http:\/\/www.psichogios.estate\/fr\/","name":"Psichogios Real Estate Agency","description":"","publisher":{"@id":"http:\/\/www.psichogios.estate\/fr\/#organization"},"potentialAction":[{"@type":"SearchAction","target":{"@type":"EntryPoint","urlTemplate":"http:\/\/www.psichogios.estate\/fr\/?s={search_term_string}"},"query-input":"required name=search_term_string"}],"inLanguage":"fr-FR"},{"@type":"Organization","@id":"http:\/\/www.psichogios.estate\/fr\/#organization","name":"Psichogios And Partnters Real Estate Agency","url":"http:\/\/www.psichogios.estate\/fr\/","logo":{"@type":"ImageObject","inLanguage":"fr-FR","@id":"http:\/\/www.psichogios.estate\/fr\/#\/schema\/logo\/image\/","url":"https:\/\/www.psichogios.estate\/wp-content\/uploads\/2020\/11\/27329802_10215808382310465_1280402420_o.png","contentUrl":"https:\/\/www.psichogios.estate\/wp-content\/uploads\/2020\/11\/27329802_10215808382310465_1280402420_o.png","width":1090,"height":280,"caption":"Psichogios And Partnters Real Estate Agency"},"image":{"@id":"http:\/\/www.psichogios.estate\/fr\/#\/schema\/logo\/image\/"},"sameAs":["https:\/\/www.facebook.com\/RealEstatePsichogios","https:\/\/x.com\/PSICHOGIOS_REA","https:\/\/www.instagram.com\/real.estate.psichogios\/","https:\/\/www.linkedin.com\/company\/psuxogios&amp;partners-realestateagencyinermioni","https:\/\/gr.pinterest.com\/PsichogiosRealEstate\/"]}]}},"_links":{"self":[{"href":"http:\/\/www.psichogios.estate\/fr\/wp-json\/wp\/v2\/pages\/7070"}],"collection":[{"href":"http:\/\/www.psichogios.estate\/fr\/wp-json\/wp\/v2\/pages"}],"about":[{"href":"http:\/\/www.psichogios.estate\/fr\/wp-json\/wp\/v2\/types\/page"}],"author":[{"embeddable":true,"href":"http:\/\/www.psichogios.estate\/fr\/wp-json\/wp\/v2\/users\/1"}],"replies":[{"embeddable":true,"href":"http:\/\/www.psichogios.estate\/fr\/wp-json\/wp\/v2\/comments?post=7070"}],"version-history":[{"count":0,"href":"http:\/\/www.psichogios.estate\/fr\/wp-json\/wp\/v2\/pages\/7070\/revisions"}],"wp:attachment":[{"href":"http:\/\/www.psichogios.estate\/fr\/wp-json\/wp\/v2\/media?parent=7070"}],"curies":[{"name":"wp","href":"https:\/\/api.w.org\/{rel}","templated":true}]}}