{"id":7085,"date":"2020-03-10T13:16:39","date_gmt":"2020-03-10T11:16:39","guid":{"rendered":"https:\/\/psichogios.lithosdigital.com\/ependitiki-drastiriotita\/"},"modified":"2020-07-24T19:03:49","modified_gmt":"2020-07-24T16:03:49","slug":"activite-de-linvestissement","status":"publish","type":"page","link":"http:\/\/www.psichogios.estate\/fr\/activite-de-linvestissement\/","title":{"rendered":"ACTIVITE DE L\u2019INVESTISSEMENT"},"content":{"rendered":"\t\t<div data-elementor-type=\"wp-page\" data-elementor-id=\"7085\" class=\"elementor elementor-7085\">\n\t\t\t\t\t\t<section class=\"elementor-section elementor-top-section elementor-element elementor-element-5f1212f elementor-section-height-min-height elementor-section-boxed elementor-section-height-default elementor-section-items-middle\" data-id=\"5f1212f\" data-element_type=\"section\" data-settings=\"{&quot;background_background&quot;:&quot;classic&quot;}\">\n\t\t\t\t\t\t\t<div class=\"elementor-background-overlay\"><\/div>\n\t\t\t\t\t\t\t<div class=\"elementor-container elementor-column-gap-default\">\n\t\t\t\t\t<div class=\"elementor-column elementor-col-100 elementor-top-column elementor-element elementor-element-9740c87\" data-id=\"9740c87\" data-element_type=\"column\">\n\t\t\t<div class=\"elementor-widget-wrap elementor-element-populated\">\n\t\t\t\t\t\t<div class=\"elementor-element elementor-element-7b0fcf0 elementor-widget elementor-widget-heading\" data-id=\"7b0fcf0\" data-element_type=\"widget\" data-widget_type=\"heading.default\">\n\t\t\t\t<div class=\"elementor-widget-container\">\n\t\t\t\t\t<h1 class=\"elementor-heading-title elementor-size-xl\">ACTIVITE DE L\u2019INVESTISSEMENT<\/h1>\t\t\t\t<\/div>\n\t\t\t\t<\/div>\n\t\t\t\t\t<\/div>\n\t\t<\/div>\n\t\t\t\t\t<\/div>\n\t\t<\/section>\n\t\t\t\t<section class=\"elementor-section elementor-top-section elementor-element elementor-element-631ac04 elementor-section-full_width elementor-section-content-middle elementor-section-height-default elementor-section-height-default\" data-id=\"631ac04\" data-element_type=\"section\" data-settings=\"{&quot;background_background&quot;:&quot;classic&quot;}\">\n\t\t\t\t\t\t<div class=\"elementor-container elementor-column-gap-no\">\n\t\t\t\t\t<div class=\"elementor-column elementor-col-50 elementor-top-column elementor-element elementor-element-67f3f3e\" data-id=\"67f3f3e\" data-element_type=\"column\" data-settings=\"{&quot;background_background&quot;:&quot;classic&quot;}\">\n\t\t\t<div class=\"elementor-widget-wrap elementor-element-populated\">\n\t\t\t\t\t\t<div class=\"elementor-element elementor-element-6b9e4c5 animated-slow elementor-invisible elementor-widget elementor-widget-text-editor\" data-id=\"6b9e4c5\" data-element_type=\"widget\" data-settings=\"{&quot;_animation&quot;:&quot;fadeInUp&quot;}\" data-widget_type=\"text-editor.default\">\n\t\t\t\t<div class=\"elementor-widget-container\">\n\t\t\t\t\t\t\t\t\t<p>La d\u00e9cennie 1970 est \u00a0la p\u00e9riode ou l\u2019Hermione et plus particuli\u00e8rement Porto Heli ont commenc\u00e9 \u00e0 se d\u00e9velopper dans la branche touristique. C\u2019est \u00e9galement la d\u00e9cennie ou les premiers h\u00f4tels de la r\u00e9gion\u00a0 d\u00e9butent\u00a0 leurs constructions. De nouveaux investissements dans la r\u00e9gion et plus particuli\u00e8rement la r\u00e9novation de l\u2019Hotel Youli. Parall\u00e8lement l\u2019ouverture du premier complexe h\u00f4telier d\u2019Aman mais \u00e9galement celle \u00e0 venir du l\u2019H\u00f4tel Nikki ont d\u00e9velopp\u00e9 l\u2019activit\u00e9 des investissements et du tourisme de la r\u00e9gion d\u2019Hermione.<\/p>\t\t\t\t\t\t\t\t<\/div>\n\t\t\t\t<\/div>\n\t\t\t\t\t<\/div>\n\t\t<\/div>\n\t\t\t\t<div class=\"elementor-column elementor-col-50 elementor-top-column elementor-element elementor-element-0a161a8\" data-id=\"0a161a8\" data-element_type=\"column\">\n\t\t\t<div class=\"elementor-widget-wrap elementor-element-populated\">\n\t\t\t\t\t\t<div class=\"elementor-element elementor-element-06ea661 elementor-widget elementor-widget-image\" data-id=\"06ea661\" data-element_type=\"widget\" data-widget_type=\"image.default\">\n\t\t\t\t<div class=\"elementor-widget-container\">\n\t\t\t\t\t\t\t\t\t\t\t\t\t\t\t<img fetchpriority=\"high\" decoding=\"async\" width=\"1002\" height=\"830\" src=\"https:\/\/www.psichogios.estate\/wp-content\/uploads\/2020\/07\/2.bmp\" class=\"attachment-full size-full wp-image-13335\" alt=\"\" srcset=\"https:\/\/www.psichogios.estate\/wp-content\/uploads\/2020\/07\/2.bmp 1002w, https:\/\/www.psichogios.estate\/wp-content\/uploads\/2020\/07\/2-300x249.jpg 300w, https:\/\/www.psichogios.estate\/wp-content\/uploads\/2020\/07\/2-768x636.jpg 768w, https:\/\/www.psichogios.estate\/wp-content\/uploads\/2020\/07\/2-150x124.jpg 150w\" sizes=\"(max-width: 1002px) 100vw, 1002px\" \/>\t\t\t\t\t\t\t\t\t\t\t\t\t\t\t<\/div>\n\t\t\t\t<\/div>\n\t\t\t\t\t<\/div>\n\t\t<\/div>\n\t\t\t\t\t<\/div>\n\t\t<\/section>\n\t\t\t\t<section class=\"elementor-section elementor-top-section elementor-element elementor-element-94047f9 elementor-section-full_width elementor-section-content-middle elementor-reverse-tablet elementor-reverse-mobile elementor-section-height-default elementor-section-height-default\" data-id=\"94047f9\" data-element_type=\"section\" data-settings=\"{&quot;background_background&quot;:&quot;classic&quot;}\">\n\t\t\t\t\t\t<div class=\"elementor-container elementor-column-gap-no\">\n\t\t\t\t\t<div class=\"elementor-column elementor-col-50 elementor-top-column elementor-element elementor-element-15ace72\" data-id=\"15ace72\" data-element_type=\"column\">\n\t\t\t<div class=\"elementor-widget-wrap elementor-element-populated\">\n\t\t\t\t\t\t<div class=\"elementor-element elementor-element-abbd3ce elementor-widget elementor-widget-image\" data-id=\"abbd3ce\" data-element_type=\"widget\" data-widget_type=\"image.default\">\n\t\t\t\t<div class=\"elementor-widget-container\">\n\t\t\t\t\t\t\t\t\t\t\t\t\t\t\t<img decoding=\"async\" width=\"1280\" height=\"853\" src=\"https:\/\/www.psichogios.estate\/wp-content\/uploads\/2020\/07\/60342255.jpg\" class=\"attachment-full size-full wp-image-13339\" alt=\"\" srcset=\"https:\/\/www.psichogios.estate\/wp-content\/uploads\/2020\/07\/60342255.jpg 1280w, https:\/\/www.psichogios.estate\/wp-content\/uploads\/2020\/07\/60342255-300x200.jpg 300w, https:\/\/www.psichogios.estate\/wp-content\/uploads\/2020\/07\/60342255-1024x682.jpg 1024w, https:\/\/www.psichogios.estate\/wp-content\/uploads\/2020\/07\/60342255-768x512.jpg 768w, https:\/\/www.psichogios.estate\/wp-content\/uploads\/2020\/07\/60342255-150x100.jpg 150w, https:\/\/www.psichogios.estate\/wp-content\/uploads\/2020\/07\/60342255-488x326.jpg 488w\" sizes=\"(max-width: 1280px) 100vw, 1280px\" \/>\t\t\t\t\t\t\t\t\t\t\t\t\t\t\t<\/div>\n\t\t\t\t<\/div>\n\t\t\t\t\t<\/div>\n\t\t<\/div>\n\t\t\t\t<div class=\"elementor-column elementor-col-50 elementor-top-column elementor-element elementor-element-566a083\" data-id=\"566a083\" data-element_type=\"column\" data-settings=\"{&quot;background_background&quot;:&quot;classic&quot;}\">\n\t\t\t<div class=\"elementor-widget-wrap\">\n\t\t\t\t\t\t\t<\/div>\n\t\t<\/div>\n\t\t\t\t\t<\/div>\n\t\t<\/section>\n\t\t\t\t<\/div>\n\t\t","protected":false},"excerpt":{"rendered":"<p>ACTIVITE DE L\u2019INVESTISSEMENT La d\u00e9cennie 1970 est \u00a0la p\u00e9riode ou l\u2019Hermione et plus particuli\u00e8rement Porto Heli ont commenc\u00e9 \u00e0 se d\u00e9velopper dans la branche touristique. C\u2019est \u00e9galement la d\u00e9cennie ou les premiers h\u00f4tels de la r\u00e9gion\u00a0 d\u00e9butent\u00a0 leurs constructions. De nouveaux investissements dans la r\u00e9gion et plus particuli\u00e8rement la r\u00e9novation de l\u2019Hotel Youli. Parall\u00e8lement l\u2019ouverture&#8230;<\/p>\n","protected":false},"author":1,"featured_media":0,"parent":0,"menu_order":0,"comment_status":"closed","ping_status":"closed","template":"elementor_header_footer","meta":{"_monsterinsights_skip_tracking":false,"_monsterinsights_sitenote_active":false,"_monsterinsights_sitenote_note":"","_monsterinsights_sitenote_category":0,"footnotes":""},"yoast_head":"<!-- This site is optimized with the Yoast SEO plugin v22.6 - https:\/\/yoast.com\/wordpress\/plugins\/seo\/ -->\n<title>ACTIVITE DE L\u2019INVESTISSEMENT - Psichogios Real Estate Agency<\/title>\n<meta name=\"robots\" content=\"index, follow, max-snippet:-1, max-image-preview:large, max-video-preview:-1\" \/>\n<link rel=\"canonical\" href=\"http:\/\/www.psichogios.estate\/fr\/activite-de-linvestissement\/\" \/>\n<meta property=\"og:locale\" content=\"fr_FR\" \/>\n<meta property=\"og:type\" content=\"article\" \/>\n<meta property=\"og:title\" content=\"ACTIVITE DE L\u2019INVESTISSEMENT - Psichogios Real Estate Agency\" \/>\n<meta property=\"og:description\" content=\"ACTIVITE DE L\u2019INVESTISSEMENT La d\u00e9cennie 1970 est \u00a0la p\u00e9riode ou l\u2019Hermione et plus particuli\u00e8rement Porto Heli ont commenc\u00e9 \u00e0 se d\u00e9velopper dans la branche touristique. C\u2019est \u00e9galement la d\u00e9cennie ou les premiers h\u00f4tels de la r\u00e9gion\u00a0 d\u00e9butent\u00a0 leurs constructions. De nouveaux investissements dans la r\u00e9gion et plus particuli\u00e8rement la r\u00e9novation de l\u2019Hotel Youli. Parall\u00e8lement l\u2019ouverture...\" \/>\n<meta property=\"og:url\" content=\"http:\/\/www.psichogios.estate\/fr\/activite-de-linvestissement\/\" \/>\n<meta property=\"og:site_name\" content=\"Psichogios Real Estate Agency\" \/>\n<meta property=\"article:publisher\" content=\"https:\/\/www.facebook.com\/RealEstatePsichogios\" \/>\n<meta property=\"article:modified_time\" content=\"2020-07-24T16:03:49+00:00\" \/>\n<meta property=\"og:image\" content=\"https:\/\/www.psichogios.estate\/wp-content\/uploads\/2020\/07\/2.bmp\" \/>\n<meta name=\"twitter:card\" content=\"summary_large_image\" \/>\n<meta name=\"twitter:site\" content=\"@PSICHOGIOS_REA\" \/>\n<meta name=\"twitter:label1\" content=\"Dur\u00e9e de lecture estim\u00e9e\" \/>\n\t<meta name=\"twitter:data1\" content=\"1 minute\" \/>\n<script type=\"application\/ld+json\" class=\"yoast-schema-graph\">{\"@context\":\"https:\/\/schema.org\",\"@graph\":[{\"@type\":\"WebPage\",\"@id\":\"http:\/\/www.psichogios.estate\/fr\/activite-de-linvestissement\/\",\"url\":\"http:\/\/www.psichogios.estate\/fr\/activite-de-linvestissement\/\",\"name\":\"ACTIVITE DE L\u2019INVESTISSEMENT - Psichogios Real Estate Agency\",\"isPartOf\":{\"@id\":\"http:\/\/www.psichogios.estate\/fr\/#website\"},\"primaryImageOfPage\":{\"@id\":\"http:\/\/www.psichogios.estate\/fr\/activite-de-linvestissement\/#primaryimage\"},\"image\":{\"@id\":\"http:\/\/www.psichogios.estate\/fr\/activite-de-linvestissement\/#primaryimage\"},\"thumbnailUrl\":\"https:\/\/www.psichogios.estate\/wp-content\/uploads\/2020\/07\/2.bmp\",\"datePublished\":\"2020-03-10T11:16:39+00:00\",\"dateModified\":\"2020-07-24T16:03:49+00:00\",\"breadcrumb\":{\"@id\":\"http:\/\/www.psichogios.estate\/fr\/activite-de-linvestissement\/#breadcrumb\"},\"inLanguage\":\"fr-FR\",\"potentialAction\":[{\"@type\":\"ReadAction\",\"target\":[\"http:\/\/www.psichogios.estate\/fr\/activite-de-linvestissement\/\"]}]},{\"@type\":\"ImageObject\",\"inLanguage\":\"fr-FR\",\"@id\":\"http:\/\/www.psichogios.estate\/fr\/activite-de-linvestissement\/#primaryimage\",\"url\":\"https:\/\/www.psichogios.estate\/wp-content\/uploads\/2020\/07\/2.bmp\",\"contentUrl\":\"https:\/\/www.psichogios.estate\/wp-content\/uploads\/2020\/07\/2.bmp\"},{\"@type\":\"BreadcrumbList\",\"@id\":\"http:\/\/www.psichogios.estate\/fr\/activite-de-linvestissement\/#breadcrumb\",\"itemListElement\":[{\"@type\":\"ListItem\",\"position\":1,\"name\":\"Home\",\"item\":\"http:\/\/www.psichogios.estate\/fr\/\"},{\"@type\":\"ListItem\",\"position\":2,\"name\":\"ACTIVITE DE L\u2019INVESTISSEMENT\"}]},{\"@type\":\"WebSite\",\"@id\":\"http:\/\/www.psichogios.estate\/fr\/#website\",\"url\":\"http:\/\/www.psichogios.estate\/fr\/\",\"name\":\"Psichogios Real Estate Agency\",\"description\":\"\",\"publisher\":{\"@id\":\"http:\/\/www.psichogios.estate\/fr\/#organization\"},\"potentialAction\":[{\"@type\":\"SearchAction\",\"target\":{\"@type\":\"EntryPoint\",\"urlTemplate\":\"http:\/\/www.psichogios.estate\/fr\/?s={search_term_string}\"},\"query-input\":\"required name=search_term_string\"}],\"inLanguage\":\"fr-FR\"},{\"@type\":\"Organization\",\"@id\":\"http:\/\/www.psichogios.estate\/fr\/#organization\",\"name\":\"Psichogios And Partnters Real Estate Agency\",\"url\":\"http:\/\/www.psichogios.estate\/fr\/\",\"logo\":{\"@type\":\"ImageObject\",\"inLanguage\":\"fr-FR\",\"@id\":\"http:\/\/www.psichogios.estate\/fr\/#\/schema\/logo\/image\/\",\"url\":\"https:\/\/www.psichogios.estate\/wp-content\/uploads\/2020\/11\/27329802_10215808382310465_1280402420_o.png\",\"contentUrl\":\"https:\/\/www.psichogios.estate\/wp-content\/uploads\/2020\/11\/27329802_10215808382310465_1280402420_o.png\",\"width\":1090,\"height\":280,\"caption\":\"Psichogios And Partnters Real Estate Agency\"},\"image\":{\"@id\":\"http:\/\/www.psichogios.estate\/fr\/#\/schema\/logo\/image\/\"},\"sameAs\":[\"https:\/\/www.facebook.com\/RealEstatePsichogios\",\"https:\/\/x.com\/PSICHOGIOS_REA\",\"https:\/\/www.instagram.com\/real.estate.psichogios\/\",\"https:\/\/www.linkedin.com\/company\/psuxogios&amp;partners-realestateagencyinermioni\",\"https:\/\/gr.pinterest.com\/PsichogiosRealEstate\/\"]}]}<\/script>\n<!-- \/ Yoast SEO plugin. -->","yoast_head_json":{"title":"ACTIVITE DE L\u2019INVESTISSEMENT - Psichogios Real Estate Agency","robots":{"index":"index","follow":"follow","max-snippet":"max-snippet:-1","max-image-preview":"max-image-preview:large","max-video-preview":"max-video-preview:-1"},"canonical":"http:\/\/www.psichogios.estate\/fr\/activite-de-linvestissement\/","og_locale":"fr_FR","og_type":"article","og_title":"ACTIVITE DE L\u2019INVESTISSEMENT - Psichogios Real Estate Agency","og_description":"ACTIVITE DE L\u2019INVESTISSEMENT La d\u00e9cennie 1970 est \u00a0la p\u00e9riode ou l\u2019Hermione et plus particuli\u00e8rement Porto Heli ont commenc\u00e9 \u00e0 se d\u00e9velopper dans la branche touristique. C\u2019est \u00e9galement la d\u00e9cennie ou les premiers h\u00f4tels de la r\u00e9gion\u00a0 d\u00e9butent\u00a0 leurs constructions. De nouveaux investissements dans la r\u00e9gion et plus particuli\u00e8rement la r\u00e9novation de l\u2019Hotel Youli. Parall\u00e8lement l\u2019ouverture...","og_url":"http:\/\/www.psichogios.estate\/fr\/activite-de-linvestissement\/","og_site_name":"Psichogios Real Estate Agency","article_publisher":"https:\/\/www.facebook.com\/RealEstatePsichogios","article_modified_time":"2020-07-24T16:03:49+00:00","og_image":[{"url":"https:\/\/www.psichogios.estate\/wp-content\/uploads\/2020\/07\/2.bmp"}],"twitter_card":"summary_large_image","twitter_site":"@PSICHOGIOS_REA","twitter_misc":{"Dur\u00e9e de lecture estim\u00e9e":"1 minute"},"schema":{"@context":"https:\/\/schema.org","@graph":[{"@type":"WebPage","@id":"http:\/\/www.psichogios.estate\/fr\/activite-de-linvestissement\/","url":"http:\/\/www.psichogios.estate\/fr\/activite-de-linvestissement\/","name":"ACTIVITE DE L\u2019INVESTISSEMENT - Psichogios Real Estate Agency","isPartOf":{"@id":"http:\/\/www.psichogios.estate\/fr\/#website"},"primaryImageOfPage":{"@id":"http:\/\/www.psichogios.estate\/fr\/activite-de-linvestissement\/#primaryimage"},"image":{"@id":"http:\/\/www.psichogios.estate\/fr\/activite-de-linvestissement\/#primaryimage"},"thumbnailUrl":"https:\/\/www.psichogios.estate\/wp-content\/uploads\/2020\/07\/2.bmp","datePublished":"2020-03-10T11:16:39+00:00","dateModified":"2020-07-24T16:03:49+00:00","breadcrumb":{"@id":"http:\/\/www.psichogios.estate\/fr\/activite-de-linvestissement\/#breadcrumb"},"inLanguage":"fr-FR","potentialAction":[{"@type":"ReadAction","target":["http:\/\/www.psichogios.estate\/fr\/activite-de-linvestissement\/"]}]},{"@type":"ImageObject","inLanguage":"fr-FR","@id":"http:\/\/www.psichogios.estate\/fr\/activite-de-linvestissement\/#primaryimage","url":"https:\/\/www.psichogios.estate\/wp-content\/uploads\/2020\/07\/2.bmp","contentUrl":"https:\/\/www.psichogios.estate\/wp-content\/uploads\/2020\/07\/2.bmp"},{"@type":"BreadcrumbList","@id":"http:\/\/www.psichogios.estate\/fr\/activite-de-linvestissement\/#breadcrumb","itemListElement":[{"@type":"ListItem","position":1,"name":"Home","item":"http:\/\/www.psichogios.estate\/fr\/"},{"@type":"ListItem","position":2,"name":"ACTIVITE DE L\u2019INVESTISSEMENT"}]},{"@type":"WebSite","@id":"http:\/\/www.psichogios.estate\/fr\/#website","url":"http:\/\/www.psichogios.estate\/fr\/","name":"Psichogios Real Estate Agency","description":"","publisher":{"@id":"http:\/\/www.psichogios.estate\/fr\/#organization"},"potentialAction":[{"@type":"SearchAction","target":{"@type":"EntryPoint","urlTemplate":"http:\/\/www.psichogios.estate\/fr\/?s={search_term_string}"},"query-input":"required name=search_term_string"}],"inLanguage":"fr-FR"},{"@type":"Organization","@id":"http:\/\/www.psichogios.estate\/fr\/#organization","name":"Psichogios And Partnters Real Estate Agency","url":"http:\/\/www.psichogios.estate\/fr\/","logo":{"@type":"ImageObject","inLanguage":"fr-FR","@id":"http:\/\/www.psichogios.estate\/fr\/#\/schema\/logo\/image\/","url":"https:\/\/www.psichogios.estate\/wp-content\/uploads\/2020\/11\/27329802_10215808382310465_1280402420_o.png","contentUrl":"https:\/\/www.psichogios.estate\/wp-content\/uploads\/2020\/11\/27329802_10215808382310465_1280402420_o.png","width":1090,"height":280,"caption":"Psichogios And Partnters Real Estate Agency"},"image":{"@id":"http:\/\/www.psichogios.estate\/fr\/#\/schema\/logo\/image\/"},"sameAs":["https:\/\/www.facebook.com\/RealEstatePsichogios","https:\/\/x.com\/PSICHOGIOS_REA","https:\/\/www.instagram.com\/real.estate.psichogios\/","https:\/\/www.linkedin.com\/company\/psuxogios&amp;partners-realestateagencyinermioni","https:\/\/gr.pinterest.com\/PsichogiosRealEstate\/"]}]}},"_links":{"self":[{"href":"http:\/\/www.psichogios.estate\/fr\/wp-json\/wp\/v2\/pages\/7085"}],"collection":[{"href":"http:\/\/www.psichogios.estate\/fr\/wp-json\/wp\/v2\/pages"}],"about":[{"href":"http:\/\/www.psichogios.estate\/fr\/wp-json\/wp\/v2\/types\/page"}],"author":[{"embeddable":true,"href":"http:\/\/www.psichogios.estate\/fr\/wp-json\/wp\/v2\/users\/1"}],"replies":[{"embeddable":true,"href":"http:\/\/www.psichogios.estate\/fr\/wp-json\/wp\/v2\/comments?post=7085"}],"version-history":[{"count":0,"href":"http:\/\/www.psichogios.estate\/fr\/wp-json\/wp\/v2\/pages\/7085\/revisions"}],"wp:attachment":[{"href":"http:\/\/www.psichogios.estate\/fr\/wp-json\/wp\/v2\/media?parent=7085"}],"curies":[{"name":"wp","href":"https:\/\/api.w.org\/{rel}","templated":true}]}}