{"id":7093,"date":"2020-03-10T16:04:33","date_gmt":"2020-03-10T14:04:33","guid":{"rendered":"https:\/\/psichogios.lithosdigital.com\/tropoi-afiksis-stin-ermionida\/"},"modified":"2020-07-23T11:23:07","modified_gmt":"2020-07-23T08:23:07","slug":"comment-arriver-dans-la-region","status":"publish","type":"page","link":"http:\/\/www.psichogios.estate\/fr\/comment-arriver-dans-la-region\/","title":{"rendered":"COMMENT ARRIVER DANS LA REGION"},"content":{"rendered":"\t\t<div data-elementor-type=\"wp-page\" data-elementor-id=\"7093\" class=\"elementor elementor-7093\">\n\t\t\t\t\t\t<section class=\"elementor-section elementor-top-section elementor-element elementor-element-5f1212f elementor-section-height-min-height elementor-section-boxed elementor-section-height-default elementor-section-items-middle\" data-id=\"5f1212f\" data-element_type=\"section\" data-settings=\"{&quot;background_background&quot;:&quot;classic&quot;}\">\n\t\t\t\t\t\t\t<div class=\"elementor-background-overlay\"><\/div>\n\t\t\t\t\t\t\t<div class=\"elementor-container elementor-column-gap-default\">\n\t\t\t\t\t<div class=\"elementor-column elementor-col-100 elementor-top-column elementor-element elementor-element-9740c87\" data-id=\"9740c87\" data-element_type=\"column\">\n\t\t\t<div class=\"elementor-widget-wrap elementor-element-populated\">\n\t\t\t\t\t\t<div class=\"elementor-element elementor-element-7b0fcf0 elementor-widget elementor-widget-heading\" data-id=\"7b0fcf0\" data-element_type=\"widget\" data-widget_type=\"heading.default\">\n\t\t\t\t<div class=\"elementor-widget-container\">\n\t\t\t\t\t<h1 class=\"elementor-heading-title elementor-size-xl\">COMMENT ARRIVER DANS LA REGION<\/h1>\t\t\t\t<\/div>\n\t\t\t\t<\/div>\n\t\t\t\t\t<\/div>\n\t\t<\/div>\n\t\t\t\t\t<\/div>\n\t\t<\/section>\n\t\t\t\t<section class=\"elementor-section elementor-top-section elementor-element elementor-element-631ac04 elementor-section-full_width elementor-section-content-middle elementor-section-height-default elementor-section-height-default\" data-id=\"631ac04\" data-element_type=\"section\" data-settings=\"{&quot;background_background&quot;:&quot;classic&quot;}\">\n\t\t\t\t\t\t<div class=\"elementor-container elementor-column-gap-no\">\n\t\t\t\t\t<div class=\"elementor-column elementor-col-50 elementor-top-column elementor-element elementor-element-67f3f3e\" data-id=\"67f3f3e\" data-element_type=\"column\" data-settings=\"{&quot;background_background&quot;:&quot;classic&quot;}\">\n\t\t\t<div class=\"elementor-widget-wrap elementor-element-populated\">\n\t\t\t\t\t\t<div class=\"elementor-element elementor-element-6b9e4c5 animated-slow elementor-invisible elementor-widget elementor-widget-text-editor\" data-id=\"6b9e4c5\" data-element_type=\"widget\" data-settings=\"{&quot;_animation&quot;:&quot;fadeInUp&quot;}\" data-widget_type=\"text-editor.default\">\n\t\t\t\t<div class=\"elementor-widget-container\">\n\t\t\t\t\t\t\t\t\t<p>Les visiteurs\u00a0 d\u2019Hermione peuvent venir de trois fa\u00e7ons. Le premier, par la route, dur\u00e9e totale 2 heures. Le second, par voie maritime, cela prendra environ 3 heures. Enfin le troisi\u00e8me par h\u00e9licopt\u00e8re, environ 30 minutes. Dans l\u2019avenir il est \u00e9galement envisag\u00e9\u00a0 de cr\u00e9er une voie pour les hydravions mais \u00e9galement de pr\u00e9voir un traffic a\u00e9rien plus important sur l\u2019a\u00e9roport de Tripoli qui se trouve \u00e0 une heure et demie en voiture.<\/p>\t\t\t\t\t\t\t\t<\/div>\n\t\t\t\t<\/div>\n\t\t\t\t\t<\/div>\n\t\t<\/div>\n\t\t\t\t<div class=\"elementor-column elementor-col-50 elementor-top-column elementor-element elementor-element-0a161a8\" data-id=\"0a161a8\" data-element_type=\"column\">\n\t\t\t<div class=\"elementor-widget-wrap elementor-element-populated\">\n\t\t\t\t\t\t<div class=\"elementor-element elementor-element-06ea661 elementor-widget elementor-widget-image\" data-id=\"06ea661\" data-element_type=\"widget\" data-widget_type=\"image.default\">\n\t\t\t\t<div class=\"elementor-widget-container\">\n\t\t\t\t\t\t\t\t\t\t\t\t\t\t\t<img fetchpriority=\"high\" decoding=\"async\" width=\"1280\" height=\"720\" src=\"https:\/\/www.psichogios.estate\/wp-content\/uploads\/2020\/03\/poros_img.jpg\" class=\"attachment-full size-full wp-image-5435\" alt=\"\" srcset=\"https:\/\/www.psichogios.estate\/wp-content\/uploads\/2020\/03\/poros_img.jpg 1280w, https:\/\/www.psichogios.estate\/wp-content\/uploads\/2020\/03\/poros_img-300x169.jpg 300w, https:\/\/www.psichogios.estate\/wp-content\/uploads\/2020\/03\/poros_img-1024x576.jpg 1024w, https:\/\/www.psichogios.estate\/wp-content\/uploads\/2020\/03\/poros_img-768x432.jpg 768w, https:\/\/www.psichogios.estate\/wp-content\/uploads\/2020\/03\/poros_img-150x84.jpg 150w\" sizes=\"(max-width: 1280px) 100vw, 1280px\" \/>\t\t\t\t\t\t\t\t\t\t\t\t\t\t\t<\/div>\n\t\t\t\t<\/div>\n\t\t\t\t\t<\/div>\n\t\t<\/div>\n\t\t\t\t\t<\/div>\n\t\t<\/section>\n\t\t\t\t<section class=\"elementor-section elementor-top-section elementor-element elementor-element-94047f9 elementor-section-full_width elementor-section-content-middle elementor-reverse-tablet elementor-reverse-mobile elementor-section-height-default elementor-section-height-default\" data-id=\"94047f9\" data-element_type=\"section\" data-settings=\"{&quot;background_background&quot;:&quot;classic&quot;}\">\n\t\t\t\t\t\t<div class=\"elementor-container elementor-column-gap-no\">\n\t\t\t\t\t<div class=\"elementor-column elementor-col-50 elementor-top-column elementor-element elementor-element-15ace72\" data-id=\"15ace72\" data-element_type=\"column\">\n\t\t\t<div class=\"elementor-widget-wrap elementor-element-populated\">\n\t\t\t\t\t\t<div class=\"elementor-element elementor-element-abbd3ce elementor-widget elementor-widget-image\" data-id=\"abbd3ce\" data-element_type=\"widget\" data-widget_type=\"image.default\">\n\t\t\t\t<div class=\"elementor-widget-container\">\n\t\t\t\t\t\t\t\t\t\t\t\t\t\t\t<img decoding=\"async\" width=\"1280\" height=\"720\" src=\"https:\/\/www.psichogios.estate\/wp-content\/uploads\/2020\/03\/porto-cheli_img.jpg\" class=\"attachment-full size-full wp-image-5441\" alt=\"\" srcset=\"https:\/\/www.psichogios.estate\/wp-content\/uploads\/2020\/03\/porto-cheli_img.jpg 1280w, https:\/\/www.psichogios.estate\/wp-content\/uploads\/2020\/03\/porto-cheli_img-300x169.jpg 300w, https:\/\/www.psichogios.estate\/wp-content\/uploads\/2020\/03\/porto-cheli_img-1024x576.jpg 1024w, https:\/\/www.psichogios.estate\/wp-content\/uploads\/2020\/03\/porto-cheli_img-768x432.jpg 768w, https:\/\/www.psichogios.estate\/wp-content\/uploads\/2020\/03\/porto-cheli_img-150x84.jpg 150w\" sizes=\"(max-width: 1280px) 100vw, 1280px\" \/>\t\t\t\t\t\t\t\t\t\t\t\t\t\t\t<\/div>\n\t\t\t\t<\/div>\n\t\t\t\t\t<\/div>\n\t\t<\/div>\n\t\t\t\t<div class=\"elementor-column elementor-col-50 elementor-top-column elementor-element elementor-element-566a083\" data-id=\"566a083\" data-element_type=\"column\" data-settings=\"{&quot;background_background&quot;:&quot;classic&quot;}\">\n\t\t\t<div class=\"elementor-widget-wrap elementor-element-populated\">\n\t\t\t\t\t\t\t<\/div>\n\t\t<\/div>\n\t\t\t\t\t<\/div>\n\t\t<\/section>\n\t\t\t\t<\/div>\n\t\t","protected":false},"excerpt":{"rendered":"<p>COMMENT ARRIVER DANS LA REGION Les visiteurs\u00a0 d\u2019Hermione peuvent venir de trois fa\u00e7ons. Le premier, par la route, dur\u00e9e totale 2 heures. Le second, par voie maritime, cela prendra environ 3 heures. Enfin le troisi\u00e8me par h\u00e9licopt\u00e8re, environ 30 minutes. Dans l\u2019avenir il est \u00e9galement envisag\u00e9\u00a0 de cr\u00e9er une voie pour les hydravions mais \u00e9galement&#8230;<\/p>\n","protected":false},"author":1,"featured_media":0,"parent":0,"menu_order":0,"comment_status":"closed","ping_status":"closed","template":"elementor_header_footer","meta":{"_monsterinsights_skip_tracking":false,"_monsterinsights_sitenote_active":false,"_monsterinsights_sitenote_note":"","_monsterinsights_sitenote_category":0,"footnotes":""},"yoast_head":"<!-- This site is optimized with the Yoast SEO plugin v22.6 - https:\/\/yoast.com\/wordpress\/plugins\/seo\/ -->\n<title>COMMENT ARRIVER DANS LA REGION - Psichogios Real Estate Agency<\/title>\n<meta name=\"robots\" content=\"index, follow, max-snippet:-1, max-image-preview:large, max-video-preview:-1\" \/>\n<link rel=\"canonical\" href=\"http:\/\/www.psichogios.estate\/fr\/comment-arriver-dans-la-region\/\" \/>\n<meta property=\"og:locale\" content=\"fr_FR\" \/>\n<meta property=\"og:type\" content=\"article\" \/>\n<meta property=\"og:title\" content=\"COMMENT ARRIVER DANS LA REGION - Psichogios Real Estate Agency\" \/>\n<meta property=\"og:description\" content=\"COMMENT ARRIVER DANS LA REGION Les visiteurs\u00a0 d\u2019Hermione peuvent venir de trois fa\u00e7ons. Le premier, par la route, dur\u00e9e totale 2 heures. Le second, par voie maritime, cela prendra environ 3 heures. Enfin le troisi\u00e8me par h\u00e9licopt\u00e8re, environ 30 minutes. Dans l\u2019avenir il est \u00e9galement envisag\u00e9\u00a0 de cr\u00e9er une voie pour les hydravions mais \u00e9galement...\" \/>\n<meta property=\"og:url\" content=\"http:\/\/www.psichogios.estate\/fr\/comment-arriver-dans-la-region\/\" \/>\n<meta property=\"og:site_name\" content=\"Psichogios Real Estate Agency\" \/>\n<meta property=\"article:publisher\" content=\"https:\/\/www.facebook.com\/RealEstatePsichogios\" \/>\n<meta property=\"article:modified_time\" content=\"2020-07-23T08:23:07+00:00\" \/>\n<meta property=\"og:image\" content=\"https:\/\/www.psichogios.estate\/wp-content\/uploads\/2020\/03\/poros_img.jpg\" \/>\n<meta name=\"twitter:card\" content=\"summary_large_image\" \/>\n<meta name=\"twitter:site\" content=\"@PSICHOGIOS_REA\" \/>\n<script type=\"application\/ld+json\" class=\"yoast-schema-graph\">{\"@context\":\"https:\/\/schema.org\",\"@graph\":[{\"@type\":\"WebPage\",\"@id\":\"http:\/\/www.psichogios.estate\/fr\/comment-arriver-dans-la-region\/\",\"url\":\"http:\/\/www.psichogios.estate\/fr\/comment-arriver-dans-la-region\/\",\"name\":\"COMMENT ARRIVER DANS LA REGION - Psichogios Real Estate Agency\",\"isPartOf\":{\"@id\":\"https:\/\/www.psichogios.estate\/fr\/#website\"},\"primaryImageOfPage\":{\"@id\":\"http:\/\/www.psichogios.estate\/fr\/comment-arriver-dans-la-region\/#primaryimage\"},\"image\":{\"@id\":\"http:\/\/www.psichogios.estate\/fr\/comment-arriver-dans-la-region\/#primaryimage\"},\"thumbnailUrl\":\"https:\/\/www.psichogios.estate\/wp-content\/uploads\/2020\/03\/poros_img.jpg\",\"datePublished\":\"2020-03-10T14:04:33+00:00\",\"dateModified\":\"2020-07-23T08:23:07+00:00\",\"breadcrumb\":{\"@id\":\"http:\/\/www.psichogios.estate\/fr\/comment-arriver-dans-la-region\/#breadcrumb\"},\"inLanguage\":\"fr-FR\",\"potentialAction\":[{\"@type\":\"ReadAction\",\"target\":[\"http:\/\/www.psichogios.estate\/fr\/comment-arriver-dans-la-region\/\"]}]},{\"@type\":\"ImageObject\",\"inLanguage\":\"fr-FR\",\"@id\":\"http:\/\/www.psichogios.estate\/fr\/comment-arriver-dans-la-region\/#primaryimage\",\"url\":\"https:\/\/www.psichogios.estate\/wp-content\/uploads\/2020\/03\/poros_img.jpg\",\"contentUrl\":\"https:\/\/www.psichogios.estate\/wp-content\/uploads\/2020\/03\/poros_img.jpg\"},{\"@type\":\"BreadcrumbList\",\"@id\":\"http:\/\/www.psichogios.estate\/fr\/comment-arriver-dans-la-region\/#breadcrumb\",\"itemListElement\":[{\"@type\":\"ListItem\",\"position\":1,\"name\":\"Home\",\"item\":\"http:\/\/www.psichogios.estate\/fr\/\"},{\"@type\":\"ListItem\",\"position\":2,\"name\":\"COMMENT ARRIVER DANS LA REGION\"}]},{\"@type\":\"WebSite\",\"@id\":\"https:\/\/www.psichogios.estate\/fr\/#website\",\"url\":\"https:\/\/www.psichogios.estate\/fr\/\",\"name\":\"Psichogios Real Estate Agency\",\"description\":\"\",\"publisher\":{\"@id\":\"https:\/\/www.psichogios.estate\/fr\/#organization\"},\"potentialAction\":[{\"@type\":\"SearchAction\",\"target\":{\"@type\":\"EntryPoint\",\"urlTemplate\":\"https:\/\/www.psichogios.estate\/fr\/?s={search_term_string}\"},\"query-input\":\"required name=search_term_string\"}],\"inLanguage\":\"fr-FR\"},{\"@type\":\"Organization\",\"@id\":\"https:\/\/www.psichogios.estate\/fr\/#organization\",\"name\":\"Psichogios And Partnters Real Estate Agency\",\"url\":\"https:\/\/www.psichogios.estate\/fr\/\",\"logo\":{\"@type\":\"ImageObject\",\"inLanguage\":\"fr-FR\",\"@id\":\"https:\/\/www.psichogios.estate\/fr\/#\/schema\/logo\/image\/\",\"url\":\"https:\/\/www.psichogios.estate\/wp-content\/uploads\/2020\/11\/27329802_10215808382310465_1280402420_o.png\",\"contentUrl\":\"https:\/\/www.psichogios.estate\/wp-content\/uploads\/2020\/11\/27329802_10215808382310465_1280402420_o.png\",\"width\":1090,\"height\":280,\"caption\":\"Psichogios And Partnters Real Estate Agency\"},\"image\":{\"@id\":\"https:\/\/www.psichogios.estate\/fr\/#\/schema\/logo\/image\/\"},\"sameAs\":[\"https:\/\/www.facebook.com\/RealEstatePsichogios\",\"https:\/\/x.com\/PSICHOGIOS_REA\",\"https:\/\/www.instagram.com\/real.estate.psichogios\/\",\"https:\/\/www.linkedin.com\/company\/psuxogios&amp;partners-realestateagencyinermioni\",\"https:\/\/gr.pinterest.com\/PsichogiosRealEstate\/\"]}]}<\/script>\n<!-- \/ Yoast SEO plugin. -->","yoast_head_json":{"title":"COMMENT ARRIVER DANS LA REGION - Psichogios Real Estate Agency","robots":{"index":"index","follow":"follow","max-snippet":"max-snippet:-1","max-image-preview":"max-image-preview:large","max-video-preview":"max-video-preview:-1"},"canonical":"http:\/\/www.psichogios.estate\/fr\/comment-arriver-dans-la-region\/","og_locale":"fr_FR","og_type":"article","og_title":"COMMENT ARRIVER DANS LA REGION - Psichogios Real Estate Agency","og_description":"COMMENT ARRIVER DANS LA REGION Les visiteurs\u00a0 d\u2019Hermione peuvent venir de trois fa\u00e7ons. Le premier, par la route, dur\u00e9e totale 2 heures. Le second, par voie maritime, cela prendra environ 3 heures. Enfin le troisi\u00e8me par h\u00e9licopt\u00e8re, environ 30 minutes. Dans l\u2019avenir il est \u00e9galement envisag\u00e9\u00a0 de cr\u00e9er une voie pour les hydravions mais \u00e9galement...","og_url":"http:\/\/www.psichogios.estate\/fr\/comment-arriver-dans-la-region\/","og_site_name":"Psichogios Real Estate Agency","article_publisher":"https:\/\/www.facebook.com\/RealEstatePsichogios","article_modified_time":"2020-07-23T08:23:07+00:00","og_image":[{"url":"https:\/\/www.psichogios.estate\/wp-content\/uploads\/2020\/03\/poros_img.jpg"}],"twitter_card":"summary_large_image","twitter_site":"@PSICHOGIOS_REA","schema":{"@context":"https:\/\/schema.org","@graph":[{"@type":"WebPage","@id":"http:\/\/www.psichogios.estate\/fr\/comment-arriver-dans-la-region\/","url":"http:\/\/www.psichogios.estate\/fr\/comment-arriver-dans-la-region\/","name":"COMMENT ARRIVER DANS LA REGION - Psichogios Real Estate Agency","isPartOf":{"@id":"https:\/\/www.psichogios.estate\/fr\/#website"},"primaryImageOfPage":{"@id":"http:\/\/www.psichogios.estate\/fr\/comment-arriver-dans-la-region\/#primaryimage"},"image":{"@id":"http:\/\/www.psichogios.estate\/fr\/comment-arriver-dans-la-region\/#primaryimage"},"thumbnailUrl":"https:\/\/www.psichogios.estate\/wp-content\/uploads\/2020\/03\/poros_img.jpg","datePublished":"2020-03-10T14:04:33+00:00","dateModified":"2020-07-23T08:23:07+00:00","breadcrumb":{"@id":"http:\/\/www.psichogios.estate\/fr\/comment-arriver-dans-la-region\/#breadcrumb"},"inLanguage":"fr-FR","potentialAction":[{"@type":"ReadAction","target":["http:\/\/www.psichogios.estate\/fr\/comment-arriver-dans-la-region\/"]}]},{"@type":"ImageObject","inLanguage":"fr-FR","@id":"http:\/\/www.psichogios.estate\/fr\/comment-arriver-dans-la-region\/#primaryimage","url":"https:\/\/www.psichogios.estate\/wp-content\/uploads\/2020\/03\/poros_img.jpg","contentUrl":"https:\/\/www.psichogios.estate\/wp-content\/uploads\/2020\/03\/poros_img.jpg"},{"@type":"BreadcrumbList","@id":"http:\/\/www.psichogios.estate\/fr\/comment-arriver-dans-la-region\/#breadcrumb","itemListElement":[{"@type":"ListItem","position":1,"name":"Home","item":"http:\/\/www.psichogios.estate\/fr\/"},{"@type":"ListItem","position":2,"name":"COMMENT ARRIVER DANS LA REGION"}]},{"@type":"WebSite","@id":"https:\/\/www.psichogios.estate\/fr\/#website","url":"https:\/\/www.psichogios.estate\/fr\/","name":"Psichogios Real Estate Agency","description":"","publisher":{"@id":"https:\/\/www.psichogios.estate\/fr\/#organization"},"potentialAction":[{"@type":"SearchAction","target":{"@type":"EntryPoint","urlTemplate":"https:\/\/www.psichogios.estate\/fr\/?s={search_term_string}"},"query-input":"required name=search_term_string"}],"inLanguage":"fr-FR"},{"@type":"Organization","@id":"https:\/\/www.psichogios.estate\/fr\/#organization","name":"Psichogios And Partnters Real Estate Agency","url":"https:\/\/www.psichogios.estate\/fr\/","logo":{"@type":"ImageObject","inLanguage":"fr-FR","@id":"https:\/\/www.psichogios.estate\/fr\/#\/schema\/logo\/image\/","url":"https:\/\/www.psichogios.estate\/wp-content\/uploads\/2020\/11\/27329802_10215808382310465_1280402420_o.png","contentUrl":"https:\/\/www.psichogios.estate\/wp-content\/uploads\/2020\/11\/27329802_10215808382310465_1280402420_o.png","width":1090,"height":280,"caption":"Psichogios And Partnters Real Estate Agency"},"image":{"@id":"https:\/\/www.psichogios.estate\/fr\/#\/schema\/logo\/image\/"},"sameAs":["https:\/\/www.facebook.com\/RealEstatePsichogios","https:\/\/x.com\/PSICHOGIOS_REA","https:\/\/www.instagram.com\/real.estate.psichogios\/","https:\/\/www.linkedin.com\/company\/psuxogios&amp;partners-realestateagencyinermioni","https:\/\/gr.pinterest.com\/PsichogiosRealEstate\/"]}]}},"_links":{"self":[{"href":"http:\/\/www.psichogios.estate\/fr\/wp-json\/wp\/v2\/pages\/7093"}],"collection":[{"href":"http:\/\/www.psichogios.estate\/fr\/wp-json\/wp\/v2\/pages"}],"about":[{"href":"http:\/\/www.psichogios.estate\/fr\/wp-json\/wp\/v2\/types\/page"}],"author":[{"embeddable":true,"href":"http:\/\/www.psichogios.estate\/fr\/wp-json\/wp\/v2\/users\/1"}],"replies":[{"embeddable":true,"href":"http:\/\/www.psichogios.estate\/fr\/wp-json\/wp\/v2\/comments?post=7093"}],"version-history":[{"count":0,"href":"http:\/\/www.psichogios.estate\/fr\/wp-json\/wp\/v2\/pages\/7093\/revisions"}],"wp:attachment":[{"href":"http:\/\/www.psichogios.estate\/fr\/wp-json\/wp\/v2\/media?parent=7093"}],"curies":[{"name":"wp","href":"https:\/\/api.w.org\/{rel}","templated":true}]}}