{"id":6006,"date":"2020-02-19T16:32:27","date_gmt":"2020-02-19T14:32:27","guid":{"rendered":"https:\/\/psichogios.lithosdigital.com\/poioi-eimaste\/"},"modified":"2020-07-24T18:49:46","modified_gmt":"2020-07-24T15:49:46","slug":"poioi-eimaste","status":"publish","type":"page","link":"https:\/\/www.psichogios.estate\/fr\/poioi-eimaste\/","title":{"rendered":"QUI SOMMES-NOUS"},"content":{"rendered":"\t\t<div data-elementor-type=\"wp-page\" data-elementor-id=\"6006\" class=\"elementor elementor-6006\">\n\t\t\t\t\t\t<section class=\"elementor-section elementor-top-section elementor-element elementor-element-5f1212f elementor-section-height-min-height elementor-section-boxed elementor-section-height-default elementor-section-items-middle\" data-id=\"5f1212f\" data-element_type=\"section\" data-settings=\"{&quot;background_background&quot;:&quot;classic&quot;}\">\n\t\t\t\t\t\t\t<div class=\"elementor-background-overlay\"><\/div>\n\t\t\t\t\t\t\t<div class=\"elementor-container elementor-column-gap-default\">\n\t\t\t\t\t<div class=\"elementor-column elementor-col-100 elementor-top-column elementor-element elementor-element-9740c87\" data-id=\"9740c87\" data-element_type=\"column\">\n\t\t\t<div class=\"elementor-widget-wrap\">\n\t\t\t\t\t\t\t<\/div>\n\t\t<\/div>\n\t\t\t\t\t<\/div>\n\t\t<\/section>\n\t\t\t\t<main class=\"elementor-section elementor-top-section elementor-element elementor-element-0fdd9d2 animated-slow elementor-section-boxed elementor-section-height-default elementor-section-height-default elementor-invisible\" data-id=\"0fdd9d2\" data-element_type=\"section\" data-settings=\"{&quot;animation&quot;:&quot;fadeInUp&quot;}\">\n\t\t\t\t\t\t<div class=\"elementor-container elementor-column-gap-wider\">\n\t\t\t\t\t<main class=\"elementor-column elementor-col-100 elementor-top-column elementor-element elementor-element-af7a576\" data-id=\"af7a576\" data-element_type=\"column\">\n\t\t\t<div class=\"elementor-widget-wrap elementor-element-populated\">\n\t\t\t\t\t\t<div class=\"elementor-element elementor-element-cdce460 elementor-widget elementor-widget-heading\" data-id=\"cdce460\" data-element_type=\"widget\" data-widget_type=\"heading.default\">\n\t\t\t\t<div class=\"elementor-widget-container\">\n\t\t\t\t\t<h1 class=\"elementor-heading-title elementor-size-xl\">QUI SOMMES-NOUS<\/h1>\t\t\t\t<\/div>\n\t\t\t\t<\/div>\n\t\t\t\t<div class=\"elementor-element elementor-element-6b9e4c5 elementor-widget elementor-widget-text-editor\" data-id=\"6b9e4c5\" data-element_type=\"widget\" data-widget_type=\"text-editor.default\">\n\t\t\t\t<div class=\"elementor-widget-container\">\n\t\t\t\t\t\t\t\t\t<p><strong>Psychogios &amp; Partners<\/strong>, avec pour si\u00e8ge Ermioni du d\u00e9partement d\u2019Argolide, est active dans les secteurs de l\u2019 immobilier et de la\u00a0 construction depuis 30 ans, pr\u00e9sente a Ermioni mais \u00e9galement dans toute la r\u00e9gion d\u2019Ermionida, comme Porto Heli, Kranidi, Kilada, Hydra et Spetses.<\/p><p>Parall\u00e8lement, gr\u00e2ce au r\u00e9seau de partners de Psychogios &amp; Partners, nos clients ont acc\u00e8s a une tr\u00e8s grande offre de biens dans toute la Gr\u00e8ce, comme en Cr\u00e8te, Mykonos, Corfou &#8230;&#8230;.<\/p><p>\u00a0<\/p><p>Ayant une grande exp\u00e9rience et un des portefeuilles les plus fiables du march\u00e9, \u00a0respectant les besoins et les opportunit\u00e9s financi\u00e8res de nos clients, nous sommes en position de concentrer et de leurs pr\u00e9senter les diff\u00e9rentes possibilit\u00e9s qui les conduiront\u00a0 vers l\u2019investissement id\u00e9al pour eux.<\/p><p>\u00a0<\/p><p>Psychogios &amp; Partners est\u00a0 \u00e9galement tr\u00e8s active dans le secteur des locations de villas de luxe dans la r\u00e9gion d\u2019Ermionida (Ermioni, Porto Heli, Saint Aimilion,\u2026.). Nous avons gagn\u00e9 la confiance de nombreux propri\u00e9taires dans le domaine du luxe et nous \u00e9largissons constamment notre client\u00e8le ainsi\u00a0 que notre r\u00e9seau d\u2019affiliation, offrant \u00e9galement la possibilit\u00e9 de promouvoir la location ou la vente d\u2019un large \u00e9ventail de biens immobiliers dans toute la Gr\u00e8ce.<\/p><p>\u00a0<\/p><p>Le but de Psychogios &amp; Partners a toujours \u00e9t\u00e9 et restera l\u2019excellente assistance de nos clients dans le domaine de la vente,\u00a0l\u2019achat et la location, afin de fid\u00e9liser nos clients et de conserver la confiance de chaque propri\u00e9taire, acheteur et locataire.<\/p>\t\t\t\t\t\t\t\t<\/div>\n\t\t\t\t<\/div>\n\t\t\t\t<div class=\"elementor-element elementor-element-06ea661 elementor-widget elementor-widget-image\" data-id=\"06ea661\" data-element_type=\"widget\" data-widget_type=\"image.default\">\n\t\t\t\t<div class=\"elementor-widget-container\">\n\t\t\t\t\t\t\t\t\t\t\t\t\t\t\t<img fetchpriority=\"high\" decoding=\"async\" width=\"2560\" height=\"1704\" src=\"https:\/\/www.psichogios.estate\/wp-content\/uploads\/2020\/07\/DSC_0347-scaled.jpg\" class=\"attachment-full size-full wp-image-13326\" alt=\"\" srcset=\"https:\/\/www.psichogios.estate\/wp-content\/uploads\/2020\/07\/DSC_0347-scaled.jpg 2560w, https:\/\/www.psichogios.estate\/wp-content\/uploads\/2020\/07\/DSC_0347-300x200.jpg 300w, https:\/\/www.psichogios.estate\/wp-content\/uploads\/2020\/07\/DSC_0347-1024x682.jpg 1024w, https:\/\/www.psichogios.estate\/wp-content\/uploads\/2020\/07\/DSC_0347-768x511.jpg 768w, https:\/\/www.psichogios.estate\/wp-content\/uploads\/2020\/07\/DSC_0347-1536x1022.jpg 1536w, https:\/\/www.psichogios.estate\/wp-content\/uploads\/2020\/07\/DSC_0347-2048x1363.jpg 2048w, https:\/\/www.psichogios.estate\/wp-content\/uploads\/2020\/07\/DSC_0347-150x100.jpg 150w, https:\/\/www.psichogios.estate\/wp-content\/uploads\/2020\/07\/DSC_0347-488x326.jpg 488w\" sizes=\"(max-width: 2560px) 100vw, 2560px\" \/>\t\t\t\t\t\t\t\t\t\t\t\t\t\t\t<\/div>\n\t\t\t\t<\/div>\n\t\t\t\t\t<\/div>\n\t\t<\/main>\n\t\t\t\t\t<\/div>\n\t\t<\/main>\n\t\t\t\t<\/div>\n\t\t","protected":false},"excerpt":{"rendered":"<p>QUI SOMMES-NOUS Psychogios &amp; Partners, avec pour si\u00e8ge Ermioni du d\u00e9partement d\u2019Argolide, est active dans les secteurs de l\u2019 immobilier et de la\u00a0 construction depuis 30 ans, pr\u00e9sente a Ermioni mais \u00e9galement dans toute la r\u00e9gion d\u2019Ermionida, comme Porto Heli, Kranidi, Kilada, Hydra et Spetses. Parall\u00e8lement, gr\u00e2ce au r\u00e9seau de partners de Psychogios &amp; Partners,&#8230;<\/p>\n","protected":false},"author":1,"featured_media":0,"parent":0,"menu_order":0,"comment_status":"closed","ping_status":"closed","template":"elementor_header_footer","meta":{"_monsterinsights_skip_tracking":false,"_monsterinsights_sitenote_active":false,"_monsterinsights_sitenote_note":"","_monsterinsights_sitenote_category":0,"footnotes":""},"yoast_head":"<!-- This site is optimized with the Yoast SEO plugin v22.6 - https:\/\/yoast.com\/wordpress\/plugins\/seo\/ -->\n<title>QUI SOMMES-NOUS - Psichogios Real Estate Agency<\/title>\n<meta name=\"robots\" content=\"index, follow, max-snippet:-1, max-image-preview:large, max-video-preview:-1\" \/>\n<link rel=\"canonical\" href=\"https:\/\/www.psichogios.estate\/fr\/poioi-eimaste\/\" \/>\n<meta property=\"og:locale\" content=\"fr_FR\" \/>\n<meta property=\"og:type\" content=\"article\" \/>\n<meta property=\"og:title\" content=\"QUI SOMMES-NOUS - Psichogios Real Estate Agency\" \/>\n<meta property=\"og:description\" content=\"QUI SOMMES-NOUS Psychogios &amp; Partners, avec pour si\u00e8ge Ermioni du d\u00e9partement d\u2019Argolide, est active dans les secteurs de l\u2019 immobilier et de la\u00a0 construction depuis 30 ans, pr\u00e9sente a Ermioni mais \u00e9galement dans toute la r\u00e9gion d\u2019Ermionida, comme Porto Heli, Kranidi, Kilada, Hydra et Spetses. Parall\u00e8lement, gr\u00e2ce au r\u00e9seau de partners de Psychogios &amp; Partners,...\" \/>\n<meta property=\"og:url\" content=\"https:\/\/www.psichogios.estate\/fr\/poioi-eimaste\/\" \/>\n<meta property=\"og:site_name\" content=\"Psichogios Real Estate Agency\" \/>\n<meta property=\"article:publisher\" content=\"https:\/\/www.facebook.com\/RealEstatePsichogios\" \/>\n<meta property=\"article:modified_time\" content=\"2020-07-24T15:49:46+00:00\" \/>\n<meta property=\"og:image\" content=\"https:\/\/www.psichogios.estate\/wp-content\/uploads\/2020\/07\/DSC_0347-scaled.jpg\" \/>\n<meta name=\"twitter:card\" content=\"summary_large_image\" \/>\n<meta name=\"twitter:site\" content=\"@PSICHOGIOS_REA\" \/>\n<meta name=\"twitter:label1\" content=\"Dur\u00e9e de lecture estim\u00e9e\" \/>\n\t<meta name=\"twitter:data1\" content=\"1 minute\" \/>\n<script type=\"application\/ld+json\" class=\"yoast-schema-graph\">{\"@context\":\"https:\/\/schema.org\",\"@graph\":[{\"@type\":\"WebPage\",\"@id\":\"https:\/\/www.psichogios.estate\/fr\/poioi-eimaste\/\",\"url\":\"https:\/\/www.psichogios.estate\/fr\/poioi-eimaste\/\",\"name\":\"QUI SOMMES-NOUS - Psichogios Real Estate Agency\",\"isPartOf\":{\"@id\":\"http:\/\/www.psichogios.estate\/fr\/#website\"},\"primaryImageOfPage\":{\"@id\":\"https:\/\/www.psichogios.estate\/fr\/poioi-eimaste\/#primaryimage\"},\"image\":{\"@id\":\"https:\/\/www.psichogios.estate\/fr\/poioi-eimaste\/#primaryimage\"},\"thumbnailUrl\":\"https:\/\/www.psichogios.estate\/wp-content\/uploads\/2020\/07\/DSC_0347-scaled.jpg\",\"datePublished\":\"2020-02-19T14:32:27+00:00\",\"dateModified\":\"2020-07-24T15:49:46+00:00\",\"breadcrumb\":{\"@id\":\"https:\/\/www.psichogios.estate\/fr\/poioi-eimaste\/#breadcrumb\"},\"inLanguage\":\"fr-FR\",\"potentialAction\":[{\"@type\":\"ReadAction\",\"target\":[\"https:\/\/www.psichogios.estate\/fr\/poioi-eimaste\/\"]}]},{\"@type\":\"ImageObject\",\"inLanguage\":\"fr-FR\",\"@id\":\"https:\/\/www.psichogios.estate\/fr\/poioi-eimaste\/#primaryimage\",\"url\":\"https:\/\/www.psichogios.estate\/wp-content\/uploads\/2020\/07\/DSC_0347-scaled.jpg\",\"contentUrl\":\"https:\/\/www.psichogios.estate\/wp-content\/uploads\/2020\/07\/DSC_0347-scaled.jpg\"},{\"@type\":\"BreadcrumbList\",\"@id\":\"https:\/\/www.psichogios.estate\/fr\/poioi-eimaste\/#breadcrumb\",\"itemListElement\":[{\"@type\":\"ListItem\",\"position\":1,\"name\":\"Home\",\"item\":\"http:\/\/www.psichogios.estate\/fr\/\"},{\"@type\":\"ListItem\",\"position\":2,\"name\":\"QUI SOMMES-NOUS\"}]},{\"@type\":\"WebSite\",\"@id\":\"http:\/\/www.psichogios.estate\/fr\/#website\",\"url\":\"http:\/\/www.psichogios.estate\/fr\/\",\"name\":\"Psichogios Real Estate Agency\",\"description\":\"\",\"publisher\":{\"@id\":\"http:\/\/www.psichogios.estate\/fr\/#organization\"},\"potentialAction\":[{\"@type\":\"SearchAction\",\"target\":{\"@type\":\"EntryPoint\",\"urlTemplate\":\"http:\/\/www.psichogios.estate\/fr\/?s={search_term_string}\"},\"query-input\":\"required name=search_term_string\"}],\"inLanguage\":\"fr-FR\"},{\"@type\":\"Organization\",\"@id\":\"http:\/\/www.psichogios.estate\/fr\/#organization\",\"name\":\"Psichogios And Partnters Real Estate Agency\",\"url\":\"http:\/\/www.psichogios.estate\/fr\/\",\"logo\":{\"@type\":\"ImageObject\",\"inLanguage\":\"fr-FR\",\"@id\":\"http:\/\/www.psichogios.estate\/fr\/#\/schema\/logo\/image\/\",\"url\":\"https:\/\/www.psichogios.estate\/wp-content\/uploads\/2020\/11\/27329802_10215808382310465_1280402420_o.png\",\"contentUrl\":\"https:\/\/www.psichogios.estate\/wp-content\/uploads\/2020\/11\/27329802_10215808382310465_1280402420_o.png\",\"width\":1090,\"height\":280,\"caption\":\"Psichogios And Partnters Real Estate Agency\"},\"image\":{\"@id\":\"http:\/\/www.psichogios.estate\/fr\/#\/schema\/logo\/image\/\"},\"sameAs\":[\"https:\/\/www.facebook.com\/RealEstatePsichogios\",\"https:\/\/x.com\/PSICHOGIOS_REA\",\"https:\/\/www.instagram.com\/real.estate.psichogios\/\",\"https:\/\/www.linkedin.com\/company\/psuxogios&amp;partners-realestateagencyinermioni\",\"https:\/\/gr.pinterest.com\/PsichogiosRealEstate\/\"]}]}<\/script>\n<!-- \/ Yoast SEO plugin. -->","yoast_head_json":{"title":"QUI SOMMES-NOUS - Psichogios Real Estate Agency","robots":{"index":"index","follow":"follow","max-snippet":"max-snippet:-1","max-image-preview":"max-image-preview:large","max-video-preview":"max-video-preview:-1"},"canonical":"https:\/\/www.psichogios.estate\/fr\/poioi-eimaste\/","og_locale":"fr_FR","og_type":"article","og_title":"QUI SOMMES-NOUS - Psichogios Real Estate Agency","og_description":"QUI SOMMES-NOUS Psychogios &amp; Partners, avec pour si\u00e8ge Ermioni du d\u00e9partement d\u2019Argolide, est active dans les secteurs de l\u2019 immobilier et de la\u00a0 construction depuis 30 ans, pr\u00e9sente a Ermioni mais \u00e9galement dans toute la r\u00e9gion d\u2019Ermionida, comme Porto Heli, Kranidi, Kilada, Hydra et Spetses. Parall\u00e8lement, gr\u00e2ce au r\u00e9seau de partners de Psychogios &amp; Partners,...","og_url":"https:\/\/www.psichogios.estate\/fr\/poioi-eimaste\/","og_site_name":"Psichogios Real Estate Agency","article_publisher":"https:\/\/www.facebook.com\/RealEstatePsichogios","article_modified_time":"2020-07-24T15:49:46+00:00","og_image":[{"url":"https:\/\/www.psichogios.estate\/wp-content\/uploads\/2020\/07\/DSC_0347-scaled.jpg"}],"twitter_card":"summary_large_image","twitter_site":"@PSICHOGIOS_REA","twitter_misc":{"Dur\u00e9e de lecture estim\u00e9e":"1 minute"},"schema":{"@context":"https:\/\/schema.org","@graph":[{"@type":"WebPage","@id":"https:\/\/www.psichogios.estate\/fr\/poioi-eimaste\/","url":"https:\/\/www.psichogios.estate\/fr\/poioi-eimaste\/","name":"QUI SOMMES-NOUS - Psichogios Real Estate Agency","isPartOf":{"@id":"http:\/\/www.psichogios.estate\/fr\/#website"},"primaryImageOfPage":{"@id":"https:\/\/www.psichogios.estate\/fr\/poioi-eimaste\/#primaryimage"},"image":{"@id":"https:\/\/www.psichogios.estate\/fr\/poioi-eimaste\/#primaryimage"},"thumbnailUrl":"https:\/\/www.psichogios.estate\/wp-content\/uploads\/2020\/07\/DSC_0347-scaled.jpg","datePublished":"2020-02-19T14:32:27+00:00","dateModified":"2020-07-24T15:49:46+00:00","breadcrumb":{"@id":"https:\/\/www.psichogios.estate\/fr\/poioi-eimaste\/#breadcrumb"},"inLanguage":"fr-FR","potentialAction":[{"@type":"ReadAction","target":["https:\/\/www.psichogios.estate\/fr\/poioi-eimaste\/"]}]},{"@type":"ImageObject","inLanguage":"fr-FR","@id":"https:\/\/www.psichogios.estate\/fr\/poioi-eimaste\/#primaryimage","url":"https:\/\/www.psichogios.estate\/wp-content\/uploads\/2020\/07\/DSC_0347-scaled.jpg","contentUrl":"https:\/\/www.psichogios.estate\/wp-content\/uploads\/2020\/07\/DSC_0347-scaled.jpg"},{"@type":"BreadcrumbList","@id":"https:\/\/www.psichogios.estate\/fr\/poioi-eimaste\/#breadcrumb","itemListElement":[{"@type":"ListItem","position":1,"name":"Home","item":"http:\/\/www.psichogios.estate\/fr\/"},{"@type":"ListItem","position":2,"name":"QUI SOMMES-NOUS"}]},{"@type":"WebSite","@id":"http:\/\/www.psichogios.estate\/fr\/#website","url":"http:\/\/www.psichogios.estate\/fr\/","name":"Psichogios Real Estate Agency","description":"","publisher":{"@id":"http:\/\/www.psichogios.estate\/fr\/#organization"},"potentialAction":[{"@type":"SearchAction","target":{"@type":"EntryPoint","urlTemplate":"http:\/\/www.psichogios.estate\/fr\/?s={search_term_string}"},"query-input":"required name=search_term_string"}],"inLanguage":"fr-FR"},{"@type":"Organization","@id":"http:\/\/www.psichogios.estate\/fr\/#organization","name":"Psichogios And Partnters Real Estate Agency","url":"http:\/\/www.psichogios.estate\/fr\/","logo":{"@type":"ImageObject","inLanguage":"fr-FR","@id":"http:\/\/www.psichogios.estate\/fr\/#\/schema\/logo\/image\/","url":"https:\/\/www.psichogios.estate\/wp-content\/uploads\/2020\/11\/27329802_10215808382310465_1280402420_o.png","contentUrl":"https:\/\/www.psichogios.estate\/wp-content\/uploads\/2020\/11\/27329802_10215808382310465_1280402420_o.png","width":1090,"height":280,"caption":"Psichogios And Partnters Real Estate Agency"},"image":{"@id":"http:\/\/www.psichogios.estate\/fr\/#\/schema\/logo\/image\/"},"sameAs":["https:\/\/www.facebook.com\/RealEstatePsichogios","https:\/\/x.com\/PSICHOGIOS_REA","https:\/\/www.instagram.com\/real.estate.psichogios\/","https:\/\/www.linkedin.com\/company\/psuxogios&amp;partners-realestateagencyinermioni","https:\/\/gr.pinterest.com\/PsichogiosRealEstate\/"]}]}},"_links":{"self":[{"href":"https:\/\/www.psichogios.estate\/fr\/wp-json\/wp\/v2\/pages\/6006"}],"collection":[{"href":"https:\/\/www.psichogios.estate\/fr\/wp-json\/wp\/v2\/pages"}],"about":[{"href":"https:\/\/www.psichogios.estate\/fr\/wp-json\/wp\/v2\/types\/page"}],"author":[{"embeddable":true,"href":"https:\/\/www.psichogios.estate\/fr\/wp-json\/wp\/v2\/users\/1"}],"replies":[{"embeddable":true,"href":"https:\/\/www.psichogios.estate\/fr\/wp-json\/wp\/v2\/comments?post=6006"}],"version-history":[{"count":0,"href":"https:\/\/www.psichogios.estate\/fr\/wp-json\/wp\/v2\/pages\/6006\/revisions"}],"wp:attachment":[{"href":"https:\/\/www.psichogios.estate\/fr\/wp-json\/wp\/v2\/media?parent=6006"}],"curies":[{"name":"wp","href":"https:\/\/api.w.org\/{rel}","templated":true}]}}