{"id":7095,"date":"2020-03-10T16:09:27","date_gmt":"2020-03-10T14:09:27","guid":{"rendered":"https:\/\/psichogios.lithosdigital.com\/paroxes-kai-ipiresies\/"},"modified":"2020-08-08T12:46:16","modified_gmt":"2020-08-08T09:46:16","slug":"prestataires-et-services","status":"publish","type":"page","link":"https:\/\/www.psichogios.estate\/fr\/prestataires-et-services\/","title":{"rendered":"PRESTATAIRES ET SERVICES"},"content":{"rendered":"\t\t<div data-elementor-type=\"wp-page\" data-elementor-id=\"7095\" class=\"elementor elementor-7095\">\n\t\t\t\t\t\t<section class=\"elementor-section elementor-top-section elementor-element elementor-element-5f1212f elementor-section-height-min-height elementor-section-boxed elementor-section-height-default elementor-section-items-middle\" data-id=\"5f1212f\" data-element_type=\"section\" data-settings=\"{&quot;background_background&quot;:&quot;classic&quot;}\">\n\t\t\t\t\t\t\t<div class=\"elementor-background-overlay\"><\/div>\n\t\t\t\t\t\t\t<div class=\"elementor-container elementor-column-gap-default\">\n\t\t\t\t\t<div class=\"elementor-column elementor-col-100 elementor-top-column elementor-element elementor-element-9740c87\" data-id=\"9740c87\" data-element_type=\"column\">\n\t\t\t<div class=\"elementor-widget-wrap elementor-element-populated\">\n\t\t\t\t\t\t<div class=\"elementor-element elementor-element-7b0fcf0 elementor-widget elementor-widget-heading\" data-id=\"7b0fcf0\" data-element_type=\"widget\" data-widget_type=\"heading.default\">\n\t\t\t\t<div class=\"elementor-widget-container\">\n\t\t\t\t\t<h1 class=\"elementor-heading-title elementor-size-xl\">PRESTATAIRES ET SERVICES<\/h1>\t\t\t\t<\/div>\n\t\t\t\t<\/div>\n\t\t\t\t\t<\/div>\n\t\t<\/div>\n\t\t\t\t\t<\/div>\n\t\t<\/section>\n\t\t\t\t<section class=\"elementor-section elementor-top-section elementor-element elementor-element-631ac04 elementor-section-full_width elementor-section-content-middle elementor-section-height-default elementor-section-height-default\" data-id=\"631ac04\" data-element_type=\"section\" data-settings=\"{&quot;background_background&quot;:&quot;classic&quot;}\">\n\t\t\t\t\t\t<div class=\"elementor-container elementor-column-gap-no\">\n\t\t\t\t\t<div class=\"elementor-column elementor-col-50 elementor-top-column elementor-element elementor-element-67f3f3e\" data-id=\"67f3f3e\" data-element_type=\"column\" data-settings=\"{&quot;background_background&quot;:&quot;classic&quot;}\">\n\t\t\t<div class=\"elementor-widget-wrap elementor-element-populated\">\n\t\t\t\t\t\t<div class=\"elementor-element elementor-element-6b9e4c5 animated-slow elementor-invisible elementor-widget elementor-widget-text-editor\" data-id=\"6b9e4c5\" data-element_type=\"widget\" data-settings=\"{&quot;_animation&quot;:&quot;fadeInUp&quot;}\" data-widget_type=\"text-editor.default\">\n\t\t\t\t<div class=\"elementor-widget-container\">\n\t\t\t\t\t\t\t\t\t<p>Nos bureaux ont pour devoir majeur de r\u00e9pondre aux besoins et d\u00e9sirs de nos clients, c\u2019est pourquoi nous fournissons une vari\u00e9t\u00e9 de services tels que\u00a0:<\/p><p>\u00a0<\/p><ul><li>Location de voitures et d\u2019h\u00e9licopt\u00e8res depuis et vers l\u2019a\u00e9roport ou partout selon leurs souhaits.<\/li><\/ul><ul><li>Location de bateaux. En collaboration avec nos partenaires nous proposons, en plus d\u2019un s\u00e9jour unique, de merveilleuses croisi\u00e8res selon le d\u00e9sir du client. Il y a \u00e9galement la possibilit\u00e9 de recevoir nos clients depuis n\u2019importe quel port avec pour destination l\u2019Hermione.<\/li><\/ul><ul><li>Sur demande du client, nous proposons un service de majordome 24h\/24 en plus d\u2019un service de s\u00e9curit\u00e9.<\/li><\/ul>\t\t\t\t\t\t\t\t<\/div>\n\t\t\t\t<\/div>\n\t\t\t\t\t<\/div>\n\t\t<\/div>\n\t\t\t\t<div class=\"elementor-column elementor-col-50 elementor-top-column elementor-element elementor-element-0a161a8\" data-id=\"0a161a8\" data-element_type=\"column\">\n\t\t\t<div class=\"elementor-widget-wrap elementor-element-populated\">\n\t\t\t\t\t\t<div class=\"elementor-element elementor-element-06ea661 elementor-widget elementor-widget-image\" data-id=\"06ea661\" data-element_type=\"widget\" data-widget_type=\"image.default\">\n\t\t\t\t<div class=\"elementor-widget-container\">\n\t\t\t\t\t\t\t\t\t\t\t\t\t\t\t<img fetchpriority=\"high\" decoding=\"async\" width=\"720\" height=\"503\" src=\"https:\/\/www.psichogios.estate\/wp-content\/uploads\/2020\/08\/Untitled-2-01.jpg\" class=\"attachment-full size-full wp-image-13745\" alt=\"\" srcset=\"https:\/\/www.psichogios.estate\/wp-content\/uploads\/2020\/08\/Untitled-2-01.jpg 720w, https:\/\/www.psichogios.estate\/wp-content\/uploads\/2020\/08\/Untitled-2-01-300x210.jpg 300w, https:\/\/www.psichogios.estate\/wp-content\/uploads\/2020\/08\/Untitled-2-01-150x105.jpg 150w\" sizes=\"(max-width: 720px) 100vw, 720px\" \/>\t\t\t\t\t\t\t\t\t\t\t\t\t\t\t<\/div>\n\t\t\t\t<\/div>\n\t\t\t\t\t<\/div>\n\t\t<\/div>\n\t\t\t\t\t<\/div>\n\t\t<\/section>\n\t\t\t\t<\/div>\n\t\t","protected":false},"excerpt":{"rendered":"<p>PRESTATAIRES ET SERVICES Nos bureaux ont pour devoir majeur de r\u00e9pondre aux besoins et d\u00e9sirs de nos clients, c\u2019est pourquoi nous fournissons une vari\u00e9t\u00e9 de services tels que\u00a0: \u00a0 Location de voitures et d\u2019h\u00e9licopt\u00e8res depuis et vers l\u2019a\u00e9roport ou partout selon leurs souhaits. Location de bateaux. En collaboration avec nos partenaires nous proposons, en plus&#8230;<\/p>\n","protected":false},"author":1,"featured_media":0,"parent":0,"menu_order":0,"comment_status":"closed","ping_status":"closed","template":"elementor_header_footer","meta":{"_monsterinsights_skip_tracking":false,"_monsterinsights_sitenote_active":false,"_monsterinsights_sitenote_note":"","_monsterinsights_sitenote_category":0,"footnotes":""},"yoast_head":"<!-- This site is optimized with the Yoast SEO plugin v22.6 - https:\/\/yoast.com\/wordpress\/plugins\/seo\/ -->\n<title>PRESTATAIRES ET SERVICES - Psichogios Real Estate Agency<\/title>\n<meta name=\"robots\" content=\"index, follow, max-snippet:-1, max-image-preview:large, max-video-preview:-1\" \/>\n<link rel=\"canonical\" href=\"https:\/\/www.psichogios.estate\/fr\/prestataires-et-services\/\" \/>\n<meta property=\"og:locale\" content=\"fr_FR\" \/>\n<meta property=\"og:type\" content=\"article\" \/>\n<meta property=\"og:title\" content=\"PRESTATAIRES ET SERVICES - Psichogios Real Estate Agency\" \/>\n<meta property=\"og:description\" content=\"PRESTATAIRES ET SERVICES Nos bureaux ont pour devoir majeur de r\u00e9pondre aux besoins et d\u00e9sirs de nos clients, c\u2019est pourquoi nous fournissons une vari\u00e9t\u00e9 de services tels que\u00a0: \u00a0 Location de voitures et d\u2019h\u00e9licopt\u00e8res depuis et vers l\u2019a\u00e9roport ou partout selon leurs souhaits. Location de bateaux. En collaboration avec nos partenaires nous proposons, en plus...\" \/>\n<meta property=\"og:url\" content=\"https:\/\/www.psichogios.estate\/fr\/prestataires-et-services\/\" \/>\n<meta property=\"og:site_name\" content=\"Psichogios Real Estate Agency\" \/>\n<meta property=\"article:publisher\" content=\"https:\/\/www.facebook.com\/RealEstatePsichogios\" \/>\n<meta property=\"article:modified_time\" content=\"2020-08-08T09:46:16+00:00\" \/>\n<meta property=\"og:image\" content=\"https:\/\/www.psichogios.estate\/wp-content\/uploads\/2020\/08\/Untitled-2-01.jpg\" \/>\n<meta name=\"twitter:card\" content=\"summary_large_image\" \/>\n<meta name=\"twitter:site\" content=\"@PSICHOGIOS_REA\" \/>\n<meta name=\"twitter:label1\" content=\"Dur\u00e9e de lecture estim\u00e9e\" \/>\n\t<meta name=\"twitter:data1\" content=\"1 minute\" \/>\n<script type=\"application\/ld+json\" class=\"yoast-schema-graph\">{\"@context\":\"https:\/\/schema.org\",\"@graph\":[{\"@type\":\"WebPage\",\"@id\":\"https:\/\/www.psichogios.estate\/fr\/prestataires-et-services\/\",\"url\":\"https:\/\/www.psichogios.estate\/fr\/prestataires-et-services\/\",\"name\":\"PRESTATAIRES ET SERVICES - Psichogios Real Estate Agency\",\"isPartOf\":{\"@id\":\"http:\/\/www.psichogios.estate\/fr\/#website\"},\"primaryImageOfPage\":{\"@id\":\"https:\/\/www.psichogios.estate\/fr\/prestataires-et-services\/#primaryimage\"},\"image\":{\"@id\":\"https:\/\/www.psichogios.estate\/fr\/prestataires-et-services\/#primaryimage\"},\"thumbnailUrl\":\"https:\/\/www.psichogios.estate\/wp-content\/uploads\/2020\/08\/Untitled-2-01.jpg\",\"datePublished\":\"2020-03-10T14:09:27+00:00\",\"dateModified\":\"2020-08-08T09:46:16+00:00\",\"breadcrumb\":{\"@id\":\"https:\/\/www.psichogios.estate\/fr\/prestataires-et-services\/#breadcrumb\"},\"inLanguage\":\"fr-FR\",\"potentialAction\":[{\"@type\":\"ReadAction\",\"target\":[\"https:\/\/www.psichogios.estate\/fr\/prestataires-et-services\/\"]}]},{\"@type\":\"ImageObject\",\"inLanguage\":\"fr-FR\",\"@id\":\"https:\/\/www.psichogios.estate\/fr\/prestataires-et-services\/#primaryimage\",\"url\":\"https:\/\/www.psichogios.estate\/wp-content\/uploads\/2020\/08\/Untitled-2-01.jpg\",\"contentUrl\":\"https:\/\/www.psichogios.estate\/wp-content\/uploads\/2020\/08\/Untitled-2-01.jpg\"},{\"@type\":\"BreadcrumbList\",\"@id\":\"https:\/\/www.psichogios.estate\/fr\/prestataires-et-services\/#breadcrumb\",\"itemListElement\":[{\"@type\":\"ListItem\",\"position\":1,\"name\":\"Home\",\"item\":\"http:\/\/www.psichogios.estate\/fr\/\"},{\"@type\":\"ListItem\",\"position\":2,\"name\":\"PRESTATAIRES ET SERVICES\"}]},{\"@type\":\"WebSite\",\"@id\":\"http:\/\/www.psichogios.estate\/fr\/#website\",\"url\":\"http:\/\/www.psichogios.estate\/fr\/\",\"name\":\"Psichogios Real Estate Agency\",\"description\":\"\",\"publisher\":{\"@id\":\"http:\/\/www.psichogios.estate\/fr\/#organization\"},\"potentialAction\":[{\"@type\":\"SearchAction\",\"target\":{\"@type\":\"EntryPoint\",\"urlTemplate\":\"http:\/\/www.psichogios.estate\/fr\/?s={search_term_string}\"},\"query-input\":\"required name=search_term_string\"}],\"inLanguage\":\"fr-FR\"},{\"@type\":\"Organization\",\"@id\":\"http:\/\/www.psichogios.estate\/fr\/#organization\",\"name\":\"Psichogios And Partnters Real Estate Agency\",\"url\":\"http:\/\/www.psichogios.estate\/fr\/\",\"logo\":{\"@type\":\"ImageObject\",\"inLanguage\":\"fr-FR\",\"@id\":\"http:\/\/www.psichogios.estate\/fr\/#\/schema\/logo\/image\/\",\"url\":\"https:\/\/www.psichogios.estate\/wp-content\/uploads\/2020\/11\/27329802_10215808382310465_1280402420_o.png\",\"contentUrl\":\"https:\/\/www.psichogios.estate\/wp-content\/uploads\/2020\/11\/27329802_10215808382310465_1280402420_o.png\",\"width\":1090,\"height\":280,\"caption\":\"Psichogios And Partnters Real Estate Agency\"},\"image\":{\"@id\":\"http:\/\/www.psichogios.estate\/fr\/#\/schema\/logo\/image\/\"},\"sameAs\":[\"https:\/\/www.facebook.com\/RealEstatePsichogios\",\"https:\/\/x.com\/PSICHOGIOS_REA\",\"https:\/\/www.instagram.com\/real.estate.psichogios\/\",\"https:\/\/www.linkedin.com\/company\/psuxogios&amp;partners-realestateagencyinermioni\",\"https:\/\/gr.pinterest.com\/PsichogiosRealEstate\/\"]}]}<\/script>\n<!-- \/ Yoast SEO plugin. -->","yoast_head_json":{"title":"PRESTATAIRES ET SERVICES - Psichogios Real Estate Agency","robots":{"index":"index","follow":"follow","max-snippet":"max-snippet:-1","max-image-preview":"max-image-preview:large","max-video-preview":"max-video-preview:-1"},"canonical":"https:\/\/www.psichogios.estate\/fr\/prestataires-et-services\/","og_locale":"fr_FR","og_type":"article","og_title":"PRESTATAIRES ET SERVICES - Psichogios Real Estate Agency","og_description":"PRESTATAIRES ET SERVICES Nos bureaux ont pour devoir majeur de r\u00e9pondre aux besoins et d\u00e9sirs de nos clients, c\u2019est pourquoi nous fournissons une vari\u00e9t\u00e9 de services tels que\u00a0: \u00a0 Location de voitures et d\u2019h\u00e9licopt\u00e8res depuis et vers l\u2019a\u00e9roport ou partout selon leurs souhaits. Location de bateaux. En collaboration avec nos partenaires nous proposons, en plus...","og_url":"https:\/\/www.psichogios.estate\/fr\/prestataires-et-services\/","og_site_name":"Psichogios Real Estate Agency","article_publisher":"https:\/\/www.facebook.com\/RealEstatePsichogios","article_modified_time":"2020-08-08T09:46:16+00:00","og_image":[{"url":"https:\/\/www.psichogios.estate\/wp-content\/uploads\/2020\/08\/Untitled-2-01.jpg"}],"twitter_card":"summary_large_image","twitter_site":"@PSICHOGIOS_REA","twitter_misc":{"Dur\u00e9e de lecture estim\u00e9e":"1 minute"},"schema":{"@context":"https:\/\/schema.org","@graph":[{"@type":"WebPage","@id":"https:\/\/www.psichogios.estate\/fr\/prestataires-et-services\/","url":"https:\/\/www.psichogios.estate\/fr\/prestataires-et-services\/","name":"PRESTATAIRES ET SERVICES - Psichogios Real Estate Agency","isPartOf":{"@id":"http:\/\/www.psichogios.estate\/fr\/#website"},"primaryImageOfPage":{"@id":"https:\/\/www.psichogios.estate\/fr\/prestataires-et-services\/#primaryimage"},"image":{"@id":"https:\/\/www.psichogios.estate\/fr\/prestataires-et-services\/#primaryimage"},"thumbnailUrl":"https:\/\/www.psichogios.estate\/wp-content\/uploads\/2020\/08\/Untitled-2-01.jpg","datePublished":"2020-03-10T14:09:27+00:00","dateModified":"2020-08-08T09:46:16+00:00","breadcrumb":{"@id":"https:\/\/www.psichogios.estate\/fr\/prestataires-et-services\/#breadcrumb"},"inLanguage":"fr-FR","potentialAction":[{"@type":"ReadAction","target":["https:\/\/www.psichogios.estate\/fr\/prestataires-et-services\/"]}]},{"@type":"ImageObject","inLanguage":"fr-FR","@id":"https:\/\/www.psichogios.estate\/fr\/prestataires-et-services\/#primaryimage","url":"https:\/\/www.psichogios.estate\/wp-content\/uploads\/2020\/08\/Untitled-2-01.jpg","contentUrl":"https:\/\/www.psichogios.estate\/wp-content\/uploads\/2020\/08\/Untitled-2-01.jpg"},{"@type":"BreadcrumbList","@id":"https:\/\/www.psichogios.estate\/fr\/prestataires-et-services\/#breadcrumb","itemListElement":[{"@type":"ListItem","position":1,"name":"Home","item":"http:\/\/www.psichogios.estate\/fr\/"},{"@type":"ListItem","position":2,"name":"PRESTATAIRES ET SERVICES"}]},{"@type":"WebSite","@id":"http:\/\/www.psichogios.estate\/fr\/#website","url":"http:\/\/www.psichogios.estate\/fr\/","name":"Psichogios Real Estate Agency","description":"","publisher":{"@id":"http:\/\/www.psichogios.estate\/fr\/#organization"},"potentialAction":[{"@type":"SearchAction","target":{"@type":"EntryPoint","urlTemplate":"http:\/\/www.psichogios.estate\/fr\/?s={search_term_string}"},"query-input":"required name=search_term_string"}],"inLanguage":"fr-FR"},{"@type":"Organization","@id":"http:\/\/www.psichogios.estate\/fr\/#organization","name":"Psichogios And Partnters Real Estate Agency","url":"http:\/\/www.psichogios.estate\/fr\/","logo":{"@type":"ImageObject","inLanguage":"fr-FR","@id":"http:\/\/www.psichogios.estate\/fr\/#\/schema\/logo\/image\/","url":"https:\/\/www.psichogios.estate\/wp-content\/uploads\/2020\/11\/27329802_10215808382310465_1280402420_o.png","contentUrl":"https:\/\/www.psichogios.estate\/wp-content\/uploads\/2020\/11\/27329802_10215808382310465_1280402420_o.png","width":1090,"height":280,"caption":"Psichogios And Partnters Real Estate Agency"},"image":{"@id":"http:\/\/www.psichogios.estate\/fr\/#\/schema\/logo\/image\/"},"sameAs":["https:\/\/www.facebook.com\/RealEstatePsichogios","https:\/\/x.com\/PSICHOGIOS_REA","https:\/\/www.instagram.com\/real.estate.psichogios\/","https:\/\/www.linkedin.com\/company\/psuxogios&amp;partners-realestateagencyinermioni","https:\/\/gr.pinterest.com\/PsichogiosRealEstate\/"]}]}},"_links":{"self":[{"href":"https:\/\/www.psichogios.estate\/fr\/wp-json\/wp\/v2\/pages\/7095"}],"collection":[{"href":"https:\/\/www.psichogios.estate\/fr\/wp-json\/wp\/v2\/pages"}],"about":[{"href":"https:\/\/www.psichogios.estate\/fr\/wp-json\/wp\/v2\/types\/page"}],"author":[{"embeddable":true,"href":"https:\/\/www.psichogios.estate\/fr\/wp-json\/wp\/v2\/users\/1"}],"replies":[{"embeddable":true,"href":"https:\/\/www.psichogios.estate\/fr\/wp-json\/wp\/v2\/comments?post=7095"}],"version-history":[{"count":0,"href":"https:\/\/www.psichogios.estate\/fr\/wp-json\/wp\/v2\/pages\/7095\/revisions"}],"wp:attachment":[{"href":"https:\/\/www.psichogios.estate\/fr\/wp-json\/wp\/v2\/media?parent=7095"}],"curies":[{"name":"wp","href":"https:\/\/api.w.org\/{rel}","templated":true}]}}